{"id":1044,"date":"2020-11-19T12:30:46","date_gmt":"2020-11-19T11:30:46","guid":{"rendered":"https:\/\/rinconesdelvino.com\/apartamentos\/?page_id=1044"},"modified":"2021-04-23T17:56:44","modified_gmt":"2021-04-23T15:56:44","slug":"bikes","status":"publish","type":"page","link":"https:\/\/rinconesdelvino.com\/apartamentos\/bikes\/","title":{"rendered":"Bikes"},"content":{"rendered":"<p>[et_pb_section fb_built=\u00bb1&#8243; admin_label=\u00bbTOP ENCABEZADO\u00bb _builder_version=\u00bb4.4.3&#8243; custom_padding=\u00bb0|0px|0|0px|false|false\u00bb global_module=\u00bb263&#8243; saved_tabs=\u00bball\u00bb][et_pb_row column_structure=\u00bb2_5,3_5&#8243; disabled_on=\u00bbon|on|off\u00bb admin_label=\u00bbFila PC\u00bb _builder_version=\u00bb3.25&#8243; custom_padding=\u00bb27px|0px|0|0px|false|false\u00bb][et_pb_column type=\u00bb2_5&#8243; _builder_version=\u00bb3.25&#8243; custom_padding=\u00bb|||\u00bb custom_padding__hover=\u00bb|||\u00bb][et_pb_image src=\u00bbhttps:\/\/rinconesdelvino.com\/apartamentos\/wp-content\/uploads\/2019\/02\/rincones-del-vino-logo.jpg\u00bb url=\u00bb@ET-DC@eyJkeW5hbWljIjp0cnVlLCJjb250ZW50IjoiaG9tZV91cmwiLCJzZXR0aW5ncyI6e319@\u00bb align_tablet=\u00bbcenter\u00bb align_phone=\u00bb\u00bb align_last_edited=\u00bbon|desktop\u00bb admin_label=\u00bbLogo\u00bb _builder_version=\u00bb4.4.3&#8243; _dynamic_attributes=\u00bburl\u00bb][\/et_pb_image][\/et_pb_column][et_pb_column type=\u00bb3_5&#8243; _builder_version=\u00bb3.25&#8243; custom_padding=\u00bb|||\u00bb custom_padding__hover=\u00bb|||\u00bb][et_pb_text admin_label=\u00bbReserva online\u00bb _builder_version=\u00bb4.4.3&#8243; text_font=\u00bb||||||||\u00bb text_font_size=\u00bb14px\u00bb text_line_height=\u00bb1.4em\u00bb text_orientation=\u00bbright\u00bb custom_padding=\u00bb0px|||||\u00bb]<\/p>\n<p><i class=\"fa fa-phone-square\"><\/i> <i style=\"color: #55c900;\" class=\"fab fa-whatsapp\"><\/i> <span style=\"color: #000000;\"><a href=\"tel:+34602260185\" style=\"color: #000000;\">(+34) 602 260 185<\/a><\/span><br \/> <i class=\"fas fa-map-marker-alt \" style=\"color: #ff6600;\">\u00a0<\/i><a href=\"https:\/\/goo.gl\/maps\/AuC9dESWTxChbf5e8\" title=\"Ubicaci\u00f3n\"><span style=\"color: #000000;\">Las Te\u00f1as, 25 C Ezcaray, La Rioja<\/span><\/a><\/p>\n<p><strong><a href=\"https:\/\/rinconesdelvino.com\/apartamentos\/ofertas\" title=\"Ofertas\"><span style=\"color: #000000;\">Ofertas<\/span><\/a> | <a href=\"https:\/\/booking.redforts.com\/bCVKLYNO\" title=\"Reserva online\"><span style=\"color: #ff6600;\">Reserva online<\/span><\/a><\/strong><\/p>\n<p>[\/et_pb_text][\/et_pb_column][\/et_pb_row][et_pb_row disabled_on=\u00bboff|off|on\u00bb admin_label=\u00bbFila Movil\u00bb _builder_version=\u00bb3.25&#8243; custom_padding=\u00bb27px|0px|0|0px|false|false\u00bb][et_pb_column type=\u00bb4_4&#8243; _builder_version=\u00bb3.25&#8243; custom_padding=\u00bb|||\u00bb custom_padding__hover=\u00bb|||\u00bb][et_pb_image src=\u00bbhttps:\/\/rinconesdelvino.com\/apartamentos\/wp-content\/uploads\/2019\/02\/rincones-del-vino-logo.jpg\u00bb url=\u00bb@ET-DC@eyJkeW5hbWljIjp0cnVlLCJjb250ZW50IjoiaG9tZV91cmwiLCJzZXR0aW5ncyI6e319@\u00bb align=\u00bbcenter\u00bb align_tablet=\u00bbcenter\u00bb align_phone=\u00bb\u00bb align_last_edited=\u00bbon|desktop\u00bb disabled_on=\u00bboff|off|on\u00bb admin_label=\u00bbLogo\u00bb _builder_version=\u00bb3.23&#8243; _dynamic_attributes=\u00bburl\u00bb][\/et_pb_image][et_pb_text content_last_edited=\u00bboff|desktop\u00bb disabled_on=\u00bboff|off|on\u00bb admin_label=\u00bbReserva online\u00bb _builder_version=\u00bb4.4.3&#8243; text_font=\u00bb||||||||\u00bb text_font_size=\u00bb14px\u00bb text_line_height=\u00bb1.2em\u00bb text_orientation=\u00bbcenter\u00bb]<i class=\"fa fa-phone-square\"><\/i> <i style=\"color: #55c900;\" class=\"fab fa-whatsapp\"><\/i> <span style=\"color: #000000;\"><a href=\"tel:+34602260185\" style=\"color: #000000;\">(+34) 602 260 185<\/a><a href=\"tel:602260185\" style=\"color: #000000;\"><br \/>\n<\/a><\/span><span style=\"color: #000000;\"><i class=\"fas fa-map-marker-alt \" style=\"color: #ff6600;\">\u00a0<\/i><a href=\"https:\/\/goo.gl\/maps\/AuC9dESWTxChbf5e8\" style=\"color: #000000;\">Las Te\u00f1as, 25 C Ezcaray, La Rioja<\/a><\/span><\/p>\n<p><strong><a href=\"https:\/\/rinconesdelvino.com\/apartamentos\/ofertas\" title=\"Ofertas\"><span style=\"color: #000000;\">Ofertas<\/span><\/a> | <a href=\"https:\/\/booking.redforts.com\/bCVKLYNO\" title=\"Reserva online\"><span style=\"color: #ff6600;\">Reserva online<\/span><\/a><\/strong>[\/et_pb_text][\/et_pb_column][\/et_pb_row][\/et_pb_section][et_pb_section fb_built=\u00bb1&#8243; fullwidth=\u00bbon\u00bb disabled_on=\u00bboff|off|off\u00bb admin_label=\u00bbFRANJA DE MENUS\u00bb _builder_version=\u00bb3.19.4&#8243; custom_margin=\u00bb0px||0px||true\u00bb custom_padding=\u00bb0px||0px||true\u00bb animation_style=\u00bbslide\u00bb animation_direction=\u00bbright\u00bb animation_duration=\u00bb700ms\u00bb global_module=\u00bb348&#8243; saved_tabs=\u00bball\u00bb][et_pb_fullwidth_menu menu_id=\u00bb3&#8243; fullwidth_menu=\u00bboff\u00bb active_link_color=\u00bb#7a9d39&#8243; dropdown_menu_text_color=\u00bb#000000&#8243; mobile_menu_text_color=\u00bb#000000&#8243; disabled_on=\u00bbon|on|off\u00bb _builder_version=\u00bb3.19.4&#8243; menu_font=\u00bb|700|||||||\u00bb menu_font_size=\u00bb17px\u00bb text_orientation=\u00bbright\u00bb][\/et_pb_fullwidth_menu][et_pb_fullwidth_menu menu_id=\u00bb3&#8243; fullwidth_menu=\u00bboff\u00bb active_link_color=\u00bb#7a9d39&#8243; dropdown_menu_text_color=\u00bb#000000&#8243; mobile_menu_text_color=\u00bb#000000&#8243; disabled_on=\u00bboff|off|on\u00bb _builder_version=\u00bb3.19.4&#8243; menu_font=\u00bb|700|||||||\u00bb menu_font_size=\u00bb17px\u00bb text_orientation=\u00bbcenter\u00bb][\/et_pb_fullwidth_menu][\/et_pb_section][et_pb_section fb_built=\u00bb1&#8243; _builder_version=\u00bb3.22&#8243; background_size=\u00bbcontain\u00bb background_position=\u00bbtop_center\u00bb custom_padding=\u00bb0|0px|0|0px|false|false\u00bb][et_pb_row use_custom_gutter=\u00bbon\u00bb gutter_width=\u00bb1&#8243; module_class=\u00bb et_pb_row_fullwidth\u00bb _builder_version=\u00bb3.25&#8243; width=\u00bb100%\u00bb width_tablet=\u00bb100%\u00bb width_phone=\u00bb\u00bb width_last_edited=\u00bbon|desktop\u00bb max_width=\u00bb100%\u00bb max_width_tablet=\u00bb100%\u00bb max_width_phone=\u00bb\u00bb max_width_last_edited=\u00bbon|desktop\u00bb custom_padding=\u00bb0|0px|0|0px|false|false\u00bb make_fullwidth=\u00bbon\u00bb][et_pb_column type=\u00bb4_4&#8243; _builder_version=\u00bb3.25&#8243; custom_padding=\u00bb|||\u00bb custom_padding__hover=\u00bb|||\u00bb][et_pb_image src=\u00bbhttps:\/\/rinconesdelvino.com\/apartamentos\/wp-content\/uploads\/2020\/11\/encabezado-BIKE.jpg\u00bb align_tablet=\u00bbcenter\u00bb align_phone=\u00bb\u00bb align_last_edited=\u00bbon|desktop\u00bb disabled_on=\u00bboff|off|off\u00bb _builder_version=\u00bb4.4.3&#8243; custom_margin=\u00bb||50px\u00bb overflow-x_last_edited=\u00bboff|phone\u00bb][\/et_pb_image][\/et_pb_column][\/et_pb_row][et_pb_row _builder_version=\u00bb3.25&#8243; custom_padding=\u00bb0|0px|1px|0px|false|false\u00bb][et_pb_column type=\u00bb4_4&#8243; _builder_version=\u00bb3.25&#8243; custom_padding=\u00bb|||\u00bb custom_padding__hover=\u00bb|||\u00bb][et_pb_text _builder_version=\u00bb4.4.3&#8243; text_font=\u00bb||||||||\u00bb header_font=\u00bb||||||||\u00bb header_2_font=\u00bb||||||||\u00bb background_color=\u00bbrgba(255,255,255,0.9)\u00bb text_orientation=\u00bbcenter\u00bb max_width=\u00bb1080px\u00bb module_alignment=\u00bbcenter\u00bb header_font_size_tablet=\u00bb\u00bb header_font_size_phone=\u00bb30px\u00bb header_font_size_last_edited=\u00bbon|phone\u00bb header_2_font_size_tablet=\u00bb\u00bb header_2_font_size_phone=\u00bb22px\u00bb header_2_font_size_last_edited=\u00bbon|phone\u00bb]<\/p>\n<h1>ESPACIO BIKE<\/h1>\n<h2>Porque buscamos tu comodidad<\/h2>\n<p>[\/et_pb_text][\/et_pb_column][\/et_pb_row][et_pb_row column_structure=\u00bb3_5,2_5&#8243; use_custom_gutter=\u00bbon\u00bb make_equal=\u00bbon\u00bb padding_top_bottom_link_2=\u00bbtrue\u00bb padding_left_right_link_2=\u00bbtrue\u00bb _builder_version=\u00bb3.25&#8243;][et_pb_column type=\u00bb3_5&#8243; _builder_version=\u00bb3.25&#8243; custom_padding=\u00bb|||\u00bb custom_padding__hover=\u00bb|||\u00bb][et_pb_image src=\u00bbhttps:\/\/rinconesdelvino.com\/apartamentos\/wp-content\/uploads\/2020\/11\/web-005-BICI.jpg\u00bb show_in_lightbox=\u00bbon\u00bb align_tablet=\u00bbcenter\u00bb align_phone=\u00bb\u00bb align_last_edited=\u00bbon|desktop\u00bb _builder_version=\u00bb4.4.3&#8243;][\/et_pb_image][\/et_pb_column][et_pb_column type=\u00bb2_5&#8243; _builder_version=\u00bb3.25&#8243; background_color=\u00bb#e2e2e2&#8243; custom_padding=\u00bb20px|20px|20px|20px\u00bb custom_padding__hover=\u00bb|||\u00bb][et_pb_text _builder_version=\u00bb4.4.3&#8243; text_font=\u00bb||||||||\u00bb text_font_size=\u00bb16px\u00bb header_font=\u00bb||||||||\u00bb header_4_font=\u00bb|800|||||||\u00bb header_4_text_color=\u00bb#7a9d39&#8243; header_4_letter_spacing=\u00bb6px\u00bb custom_margin=\u00bb||\u00bb]<i class=\"fa fa-expand\"><\/i> Cuartito para bicicletas y esquis.<br \/>\n<i class=\"fas fa-unlock-alt\"><\/i> Si no traes tu candado de seguridad nosotros te proporcionamos uno.<br \/>\n<i class=\"fa fa-shower\"><\/i> Zona de lavado para tu bicicleta.<br \/>\n<i class=\"fas fa-plug\"><\/i> Enchufes para la carga de tu bicicleta el\u00e9ctrica.<br \/>\n<i class=\"fas fa-tools\"><\/i> Taller de reparaci\u00f3n m\u00e1s cercano.<br \/>\n<i class=\"fa fa-wifi\"><\/i> WiFi gratis<br \/>\n<i class=\"fas fa-bicycle\"><\/i> Puedes guardar tu bicicleta en el apartamento, si es lo que prefieres.<br \/>\n<i class=\"fas fa-tire\"><\/i><i class=\"fas fa-wind\"><\/i> Bomba de hinchar.[\/et_pb_text][\/et_pb_column][\/et_pb_row][et_pb_row column_structure=\u00bb3_4,1_4&#8243; _builder_version=\u00bb3.25&#8243; background_color=\u00bb#e2e2e2&#8243; custom_margin=\u00bb||25px\u00bb custom_padding=\u00bb|||25px\u00bb][et_pb_column type=\u00bb3_4&#8243; _builder_version=\u00bb3.25&#8243; custom_padding=\u00bb|||\u00bb custom_padding__hover=\u00bb|||\u00bb][et_pb_text _builder_version=\u00bb3.27.4&#8243;]<\/p>\n<p><strong>\u00bfYa has encontrado el espacio ideal para tu estancia con nosotros? <\/strong>Nuestra plataforma online te facilita la reserva, est\u00e1 bajo dominio seguro y trata tus datos de forma encriptada y reservada.<\/p>\n<p>[\/et_pb_text][\/et_pb_column][et_pb_column type=\u00bb1_4&#8243; _builder_version=\u00bb3.25&#8243; custom_padding=\u00bb|||\u00bb custom_padding__hover=\u00bb|||\u00bb][et_pb_button button_url=\u00bb@ET-DC@eyJkeW5hbWljIjp0cnVlLCJjb250ZW50IjoiaG9tZV91cmwiLCJzZXR0aW5ncyI6e319@\u00bb button_text=\u00bbReserva ahora\u00bb button_alignment=\u00bbcenter\u00bb _builder_version=\u00bb4.4.3&#8243; custom_button=\u00bbon\u00bb button_text_color=\u00bb#ffffff\u00bb button_bg_color=\u00bb#7a9d39&#8243; button_font=\u00bb||||||||\u00bb button_use_icon=\u00bboff\u00bb background_layout=\u00bbdark\u00bb hover_enabled=\u00bb0&#8243; locked=\u00bboff\u00bb button_text_color__hover_enabled=\u00bbon\u00bb button_text_color__hover=\u00bb#ffffff\u00bb button_bg_color__hover_enabled=\u00bbon\u00bb button_bg_color__hover=\u00bb#7a9d39&#8243; _dynamic_attributes=\u00bbbutton_url\u00bb][\/et_pb_button][\/et_pb_column][\/et_pb_row][et_pb_row column_structure=\u00bb1_2,1_2&#8243; use_custom_gutter=\u00bbon\u00bb _builder_version=\u00bb3.25&#8243; custom_padding=\u00bb0|0px|25px|0px|false|false\u00bb][et_pb_column type=\u00bb1_2&#8243; _builder_version=\u00bb3.25&#8243; custom_padding=\u00bb|||\u00bb custom_padding__hover=\u00bb|||\u00bb][et_pb_image src=\u00bbhttps:\/\/rinconesdelvino.com\/apartamentos\/wp-content\/uploads\/2020\/11\/web-032-bicis.jpg\u00bb show_in_lightbox=\u00bbon\u00bb show_bottom_space=\u00bboff\u00bb align_tablet=\u00bbcenter\u00bb align_phone=\u00bb\u00bb align_last_edited=\u00bbon|desktop\u00bb _builder_version=\u00bb4.4.3&#8243; custom_margin=\u00bb||25px\u00bb][\/et_pb_image][et_pb_image src=\u00bbhttps:\/\/rinconesdelvino.com\/apartamentos\/wp-content\/uploads\/2020\/11\/WhatsApp-Image-2020-11-18-at-09.58.10-2.jpeg\u00bb show_in_lightbox=\u00bbon\u00bb show_bottom_space=\u00bboff\u00bb align_tablet=\u00bbcenter\u00bb align_phone=\u00bb\u00bb align_last_edited=\u00bbon|desktop\u00bb _builder_version=\u00bb4.4.3&#8243; custom_margin=\u00bb||25px\u00bb][\/et_pb_image][et_pb_image src=\u00bbhttps:\/\/rinconesdelvino.com\/apartamentos\/wp-content\/uploads\/2020\/11\/60312974_2408245162558855_7147371372103073792_o.jpg\u00bb show_in_lightbox=\u00bbon\u00bb show_bottom_space=\u00bboff\u00bb align_tablet=\u00bbcenter\u00bb align_phone=\u00bb\u00bb align_last_edited=\u00bbon|desktop\u00bb _builder_version=\u00bb4.4.3&#8243; width=\u00bb100%\u00bb max_width=\u00bb100%\u00bb custom_margin=\u00bb||25px\u00bb][\/et_pb_image][\/et_pb_column][et_pb_column type=\u00bb1_2&#8243; _builder_version=\u00bb3.25&#8243; custom_padding=\u00bb|||\u00bb custom_padding__hover=\u00bb|||\u00bb][et_pb_image src=\u00bbhttps:\/\/rinconesdelvino.com\/apartamentos\/wp-content\/uploads\/2020\/11\/web-032-bicis2.jpg\u00bb show_in_lightbox=\u00bbon\u00bb show_bottom_space=\u00bboff\u00bb align_tablet=\u00bbcenter\u00bb align_phone=\u00bb\u00bb align_last_edited=\u00bbon|desktop\u00bb _builder_version=\u00bb4.4.3&#8243; custom_margin=\u00bb||25px\u00bb][\/et_pb_image][et_pb_image src=\u00bbhttps:\/\/rinconesdelvino.com\/apartamentos\/wp-content\/uploads\/2020\/11\/60040751_2408245099225528_7641611100147941376_o.jpg\u00bb show_in_lightbox=\u00bbon\u00bb show_bottom_space=\u00bboff\u00bb align_tablet=\u00bbcenter\u00bb align_phone=\u00bb\u00bb align_last_edited=\u00bbon|desktop\u00bb _builder_version=\u00bb4.4.3&#8243; custom_margin=\u00bb||25px\u00bb][\/et_pb_image][\/et_pb_column][\/et_pb_row][\/et_pb_section][et_pb_section fb_built=\u00bb1&#8243; admin_label=\u00bbPIE DE PAGINA\u00bb _builder_version=\u00bb4.4.3&#8243; background_color=\u00bb#efefef\u00bb min_height=\u00bb344px\u00bb custom_margin=\u00bb||-430px|||\u00bb custom_padding=\u00bb30px|0px|30px|0px|true|false\u00bb global_module=\u00bb149&#8243; saved_tabs=\u00bball\u00bb][et_pb_row column_structure=\u00bb1_3,1_3,1_3&#8243; _builder_version=\u00bb3.25&#8243; custom_margin=\u00bb52px|auto||auto||\u00bb custom_padding=\u00bb1px|0px|27px|0px|false|false\u00bb][et_pb_column type=\u00bb1_3&#8243; _builder_version=\u00bb3.25&#8243; custom_padding=\u00bb|||\u00bb custom_padding__hover=\u00bb|||\u00bb][et_pb_text _builder_version=\u00bb4.4.3&#8243; text_font=\u00bb||||||||\u00bb text_text_color=\u00bb#000000&#8243; text_font_size=\u00bb15px\u00bb header_font=\u00bb||||||||\u00bb header_3_font=\u00bb|800|||||||\u00bb header_3_text_color=\u00bb#7a9d39&#8243; custom_margin=\u00bb||30px\u00bb custom_padding=\u00bb||1px|||\u00bb]<\/p>\n<h3><\/h3>\n<h3>Contacta<\/h3>\n<p>Apartamentos Tur\u00edsticos Rincones del Vino<br \/> C\/ Las Te\u00f1as, 25<br \/> 26280 EZCARAY, La Rioja<br \/> <span style=\"color: #897769;\"><a href=\"mailto:apartamentos@rinconesdelvino.com\" style=\"color: #000000;\">apartamentos@rinconesdelvino.com<\/a><\/span><\/p>\n<h2><\/h2>\n<p><i class=\"fa fa-phone-square fa-2x\"><\/i> <i style=\"color: #55c900;\" class=\"fab fa-whatsapp fa-2x\"><\/i> <span style=\"color: #000000;\"><a href=\"tel:602260185\" style=\"font-size: 23px; color: #000000;\">602 260 185<\/a> <\/span><\/p>\n<p>[\/et_pb_text][et_pb_social_media_follow _builder_version=\u00bb3.19.4&#8243;][et_pb_social_media_follow_network social_network=\u00bbfacebook\u00bb url=\u00bbhttps:\/\/www.facebook.com\/ApartamentosTuristicosRinconesDelVinoEzcaray\/\u00bb _builder_version=\u00bb3.19.4&#8243; background_color=\u00bb#3b5998&#8243; follow_button=\u00bboff\u00bb url_new_window=\u00bbon\u00bb]facebook[\/et_pb_social_media_follow_network][et_pb_social_media_follow_network social_network=\u00bbtwitter\u00bb _builder_version=\u00bb3.19.4&#8243; background_color=\u00bb#00aced\u00bb follow_button=\u00bboff\u00bb url_new_window=\u00bbon\u00bb]twitter[\/et_pb_social_media_follow_network][et_pb_social_media_follow_network social_network=\u00bbgoogle-plus\u00bb _builder_version=\u00bb3.19.4&#8243; background_color=\u00bb#dd4b39&#8243; follow_button=\u00bboff\u00bb url_new_window=\u00bbon\u00bb]google-plus[\/et_pb_social_media_follow_network][et_pb_social_media_follow_network social_network=\u00bbpinterest\u00bb _builder_version=\u00bb3.19.4&#8243; background_color=\u00bb#cb2027&#8243; follow_button=\u00bboff\u00bb url_new_window=\u00bbon\u00bb]pinterest[\/et_pb_social_media_follow_network][\/et_pb_social_media_follow][\/et_pb_column][et_pb_column type=\u00bb1_3&#8243; _builder_version=\u00bb3.25&#8243; custom_padding=\u00bb|||\u00bb custom_padding__hover=\u00bb|||\u00bb][et_pb_text _builder_version=\u00bb3.27.4&#8243; text_font=\u00bb||||||||\u00bb text_text_color=\u00bb#000000&#8243; text_font_size=\u00bb15px\u00bb header_font=\u00bb||||||||\u00bb header_3_font=\u00bb|800|||||||\u00bb header_3_text_color=\u00bb#7a9d39&#8243; custom_margin=\u00bb13px|||||\u00bb]<\/p>\n<h3>Rincones del Vino, Apartamentos Tur\u00edsticos en Ezcaray<\/h3>\n<p>Alojamientos ubicados en una f\u00e1brica textil del siglo XVIII, edificio rehabilitado protegido por Patrimonio Hist\u00f3rico y Art\u00edstico de La Rioja. Mezcla perfecta entre los elementos que se han respetado como las estructuras de madera, suelos de barro cocido y piedra sillar y todo lo que necesitamos para estar c\u00f3modos cuando viajamos.<\/p>\n<p>[\/et_pb_text][\/et_pb_column][et_pb_column type=\u00bb1_3&#8243; _builder_version=\u00bb3.25&#8243; custom_padding=\u00bb|||\u00bb custom_padding__hover=\u00bb|||\u00bb][et_pb_text _builder_version=\u00bb4.4.3&#8243; text_font=\u00bb||||||||\u00bb text_text_color=\u00bb#000000&#8243; text_font_size=\u00bb15px\u00bb text_line_height=\u00bb1.3em\u00bb header_font=\u00bb||||||||\u00bb header_3_font=\u00bb|800|||||||\u00bb header_3_text_color=\u00bb#7a9d39&#8243; custom_padding=\u00bb12px|||||\u00bb]<\/p>\n<h3>Informaci\u00f3n<\/h3>\n<p><span style=\"color: #339966;\"><strong>\u00bb <span style=\"color: #339966;\"><a href=\"https:\/\/booking.redforts.com\/bCVKLYNO\" style=\"color: #339966;\">Reserva online<\/a><\/span><br \/> \u00bb <a href=\"https:\/\/rinconesdelvino.com\/apartamentos\/faq\/\" style=\"color: #339966;\">FAQs \/ Preguntas frecuentes<\/a><\/strong><\/span><br \/> <span style=\"color: #339966;\"> <strong> \u00bb <a href=\"https:\/\/rinconesdelvino.com\/apartamentos\/politica-de-uso-y-reserva\" style=\"color: #339966;\">Pol\u00edtica de uso y reservas<\/a><\/strong><\/span><span style=\"color: #339966;\"><strong><br \/> \u00bb <a href=\"https:\/\/rinconesdelvino.com\/apartamentos\/politica-de-privacidad\" style=\"color: #339966;\">Pol\u00edtica de privacidad<\/a><\/strong><\/span><br \/> <span style=\"color: #339966;\"> <strong> \u00bb <a href=\"https:\/\/rinconesdelvino.com\/apartamentos\/politica-de-cookies\" style=\"color: #339966;\">Pol\u00edtica de cookies<\/a><\/strong><\/span><\/p>\n<p>[\/et_pb_text][et_pb_text _builder_version=\u00bb4.4.3&#8243; text_font=\u00bb||||||||\u00bb text_text_color=\u00bb#000000&#8243; text_font_size=\u00bb15px\u00bb text_line_height=\u00bb1.3em\u00bb header_font=\u00bb||||||||\u00bb header_3_font=\u00bb|800|||||||\u00bb header_3_text_color=\u00bb#7a9d39&#8243;]<\/p>\n<h3>Mapa del sitio<\/h3>\n<p><strong><span style=\"color: #339966;\">\u00bb <a href=\"https:\/\/rinconesdelvino.com\/apartamentos\/inicio\/\" style=\"color: #339966;\">Inicio<\/a><\/span><\/strong><br \/> <strong> <span style=\"color: #339966;\"> \u00bb <a href=\"https:\/\/rinconesdelvino.com\/apartamentos\/apartamentos\/\" style=\"color: #339966;\">Apartamentos<\/a><\/span><\/strong><br \/> <strong> <span style=\"color: #339966;\"> \u00bb <a href=\"https:\/\/rinconesdelvino.com\/apartamentos\/estudios\/\" style=\"color: #339966;\">Estudios<\/a><\/span><\/strong><br \/> <strong> <span style=\"color: #339966;\"> \u00bb <a href=\"https:\/\/rinconesdelvino.com\/apartamentos\/la-casita\/\" style=\"color: #339966;\">La Casita<\/a><\/span><\/strong><br \/> <strong> <span style=\"color: #339966;\">\u00bb <a href=\"https:\/\/rinconesdelvino.com\/apartamentos\/bikes\/\" style=\"color: #339966;\">Bikes<\/a><\/span><\/strong><br \/> <strong> <span style=\"color: #339966;\">\u00bb <a href=\"https:\/\/rinconesdelvino.com\/apartamentos\/ofertas\/\" style=\"color: #339966;\">Ofertas<\/a><\/span><\/strong><br \/> <strong> <span style=\"color: #339966;\"> \u00bb <a href=\"https:\/\/rinconesdelvino.com\/apartamentos\/blog\/\" style=\"color: #339966;\">Noticias y Blog<\/a><\/span><\/strong><\/p>\n<p>[\/et_pb_text][\/et_pb_column][\/et_pb_row][\/et_pb_section]<\/p>\n","protected":false},"excerpt":{"rendered":"<p>[et_pb_section fb_built=\u00bb1&#8243; admin_label=\u00bbTOP ENCABEZADO\u00bb _builder_version=\u00bb4.4.3&#8243; custom_padding=\u00bb0|0px|0|0px|false|false\u00bb global_module=\u00bb263&#8243; saved_tabs=\u00bball\u00bb][et_pb_row column_structure=\u00bb2_5,3_5&#8243; disabled_on=\u00bbon|on|off\u00bb admin_label=\u00bbFila PC\u00bb _builder_version=\u00bb3.25&#8243; custom_padding=\u00bb27px|0px|0|0px|false|false\u00bb][et_pb_column type=\u00bb2_5&#8243; _builder_version=\u00bb3.25&#8243; custom_padding=\u00bb|||\u00bb custom_padding__hover=\u00bb|||\u00bb][et_pb_image src=\u00bbhttps:\/\/rinconesdelvino.com\/apartamentos\/wp-content\/uploads\/2019\/02\/rincones-del-vino-logo.jpg\u00bb url=\u00bb@ET-DC@eyJkeW5hbWljIjp0cnVlLCJjb250ZW50IjoiaG9tZV91cmwiLCJzZXR0aW5ncyI6e319@\u00bb align_tablet=\u00bbcenter\u00bb align_phone=\u00bb\u00bb align_last_edited=\u00bbon|desktop\u00bb admin_label=\u00bbLogo\u00bb _builder_version=\u00bb4.4.3&#8243; _dynamic_attributes=\u00bburl\u00bb][\/et_pb_image][\/et_pb_column][et_pb_column type=\u00bb3_5&#8243; _builder_version=\u00bb3.25&#8243; custom_padding=\u00bb|||\u00bb custom_padding__hover=\u00bb|||\u00bb][et_pb_text admin_label=\u00bbReserva online\u00bb _builder_version=\u00bb4.4.3&#8243; text_font=\u00bb||||||||\u00bb text_font_size=\u00bb14px\u00bb text_line_height=\u00bb1.4em\u00bb text_orientation=\u00bbright\u00bb custom_padding=\u00bb0px|||||\u00bb] (+34) 602 260 185 \u00a0Las Te\u00f1as, 25 C Ezcaray, La Rioja Ofertas | Reserva online [\/et_pb_text][\/et_pb_column][\/et_pb_row][et_pb_row disabled_on=\u00bboff|off|on\u00bb [&hellip;]<\/p>\n","protected":false},"author":2,"featured_media":0,"parent":0,"menu_order":0,"comment_status":"closed","ping_status":"closed","template":"page-template-blank.php","meta":{"_et_pb_use_builder":"on","_et_pb_old_content":"","_et_gb_content_width":"","_monsterinsights_skip_tracking":false,"_monsterinsights_sitenote_active":false,"_monsterinsights_sitenote_note":"","_monsterinsights_sitenote_category":0,"footnotes":"","_joinchat":[]},"aioseo_notices":[],"_links":{"self":[{"href":"https:\/\/rinconesdelvino.com\/apartamentos\/wp-json\/wp\/v2\/pages\/1044"}],"collection":[{"href":"https:\/\/rinconesdelvino.com\/apartamentos\/wp-json\/wp\/v2\/pages"}],"about":[{"href":"https:\/\/rinconesdelvino.com\/apartamentos\/wp-json\/wp\/v2\/types\/page"}],"author":[{"embeddable":true,"href":"https:\/\/rinconesdelvino.com\/apartamentos\/wp-json\/wp\/v2\/users\/2"}],"replies":[{"embeddable":true,"href":"https:\/\/rinconesdelvino.com\/apartamentos\/wp-json\/wp\/v2\/comments?post=1044"}],"version-history":[{"count":19,"href":"https:\/\/rinconesdelvino.com\/apartamentos\/wp-json\/wp\/v2\/pages\/1044\/revisions"}],"predecessor-version":[{"id":1509,"href":"https:\/\/rinconesdelvino.com\/apartamentos\/wp-json\/wp\/v2\/pages\/1044\/revisions\/1509"}],"wp:attachment":[{"href":"https:\/\/rinconesdelvino.com\/apartamentos\/wp-json\/wp\/v2\/media?parent=1044"}],"curies":[{"name":"wp","href":"https:\/\/api.w.org\/{rel}","templated":true}]}}