{"id":3,"date":"2019-02-11T20:34:50","date_gmt":"2019-02-11T19:34:50","guid":{"rendered":"http:\/\/rinconesdelvino.com\/apartamentos\/?page_id=3"},"modified":"2019-02-20T17:32:19","modified_gmt":"2019-02-20T16:32:19","slug":"politica-de-privacidad","status":"publish","type":"page","link":"https:\/\/rinconesdelvino.com\/apartamentos\/politica-de-privacidad\/","title":{"rendered":"Pol\u00edtica de privacidad"},"content":{"rendered":"<p>[et_pb_section fb_built=\u00bb1&#8243; admin_label=\u00bbTOP ENCABEZADO\u00bb _builder_version=\u00bb3.19.4&#8243; custom_padding=\u00bb0|0px|0|0px|false|false\u00bb global_module=\u00bb263&#8243; saved_tabs=\u00bball\u00bb][et_pb_row custom_padding=\u00bb27px|0px|0|0px|false|false\u00bb _builder_version=\u00bb3.19.4&#8243;][et_pb_column type=\u00bb2_5&#8243; _builder_version=\u00bb3.19.4&#8243; parallax=\u00bboff\u00bb parallax_method=\u00bbon\u00bb][et_pb_image src=\u00bbhttps:\/\/rinconesdelvino.com\/apartamentos\/wp-content\/uploads\/2019\/02\/rincones-del-vino-logo.jpg\u00bb url=\u00bb{%22dynamic%22:true,%22content%22:%22home_url%22,%22settings%22:{}}\u00bb admin_label=\u00bbLogo\u00bb _builder_version=\u00bb3.19.4&#8243; _dynamic_attributes=\u00bburl\u00bb][\/et_pb_image][\/et_pb_column][et_pb_column type=\u00bb3_5&#8243; _builder_version=\u00bb3.19.4&#8243; parallax=\u00bboff\u00bb parallax_method=\u00bbon\u00bb][et_pb_text admin_label=\u00bbReserva online\u00bb _builder_version=\u00bb3.19.4&#8243; text_font=\u00bb||||||||\u00bb text_font_size=\u00bb14px\u00bb text_line_height=\u00bb1.2em\u00bb text_orientation=\u00bbright\u00bb]<\/p>\n<p>[icon name=\u00bbphone\u00bb] (+34) 602 260 185<br \/> Calvario, 9 EZCARAY, La Rioja<\/p>\n<p><strong><a href=\"https:\/\/rinconesdelvino.com\/apartamentos\/ofertas\" title=\"Ofertas\"><span style=\"color: #000000;\">Ofertas<\/span><\/a> | <a href=\"#\" title=\"Reserva online\"><span style=\"color: #ff6600;\">Reserva online<\/span><\/a><\/strong><\/p>\n<p>[\/et_pb_text][\/et_pb_column][\/et_pb_row][\/et_pb_section][et_pb_section fb_built=\u00bb1&#8243; fullwidth=\u00bbon\u00bb admin_label=\u00bbFRANJA DE MENUS\u00bb _builder_version=\u00bb3.19.4&#8243; custom_margin=\u00bb0px||0px||true\u00bb custom_padding=\u00bb0px||0px||true\u00bb global_module=\u00bb348&#8243;][et_pb_fullwidth_menu menu_id=\u00bb3&#8243; fullwidth_menu=\u00bboff\u00bb active_link_color=\u00bb#7a9d39&#8243; dropdown_menu_text_color=\u00bb#000000&#8243; mobile_menu_text_color=\u00bb#000000&#8243; _builder_version=\u00bb3.19.4&#8243; menu_font=\u00bb|700|||||||\u00bb menu_font_size=\u00bb17px\u00bb text_orientation=\u00bbright\u00bb][\/et_pb_fullwidth_menu][\/et_pb_section][et_pb_section fb_built=\u00bb1&#8243; _builder_version=\u00bb3.0.47&#8243;][et_pb_row _builder_version=\u00bb3.0.48&#8243; background_size=\u00bbinitial\u00bb background_position=\u00bbtop_left\u00bb background_repeat=\u00bbrepeat\u00bb][et_pb_column type=\u00bb4_4&#8243; _builder_version=\u00bb3.0.47&#8243; parallax=\u00bboff\u00bb parallax_method=\u00bbon\u00bb][et_pb_text _builder_version=\u00bb3.19.4&#8243; background_size=\u00bbinitial\u00bb background_position=\u00bbtop_left\u00bb background_repeat=\u00bbrepeat\u00bb]<\/p>\n<h1>Pol\u00edtica de privacidad<\/h1>\n<p>&nbsp;<\/p>\n<h2>Identificaci\u00f3n<\/h2>\n<p>Apartamentos Tur\u00edsticos Rincones del Vino y nuestra direcci\u00f3n web es: <a href=\"https:\/\/rinconesdelvino.com\/apartamentos\">https:\/\/rinconesdelvino.com\/apartamentos<\/a>.<\/p>\n<h2>Descripci\u00f3n y Datos personales<\/h2>\n<p>Apartamentos Tur\u00edsticos Rincones del Vino le informa que para hacer uso de sus servicios de reserva online es necesario que nos suministre determinados datos de car\u00e1cter personal, que en cumplimiento con la Regulaci\u00f3n General de Protecci\u00f3n de Datos (RGPD) UE-2016\/679 de 27 de Abril 2016, ser\u00e1n objeto de tratamiento automatizado e incorporados a nuestros correspondientes ficheros con la exclusiva finalidad de proporcionarle los servicios ofertados.<\/p>\n<p>Apartamentos Tur\u00edsticos Rincones del Vino le informa que sus datos son tratados confidencialmente y son utilizados exclusivamente de manera interna y para las finalidades indicadas. Por lo tanto, no cedemos ni comunicamos a ning\u00fan tercero sus datos, salvo que el usuario nos lo autorice, y en los casos legalmente previstos.<\/p>\n<h2>Qu\u00e9 datos recogemos y por qu\u00e9 lo hacemos<\/h2>\n<p><strong>En las Reservas y Reservas online<\/strong><\/p>\n<p>El registro de hu\u00e9spedes es de car\u00e1cter obligatorio por la\u00a0 Ley org\u00e1nica 4\/2015 de 30 de marzo, de protecci\u00f3n de la seguridad ciudadana, en su art\u00edculo 25, obliga a quienes ejerzan ciertas actividades a realizar un registro documental de usuarios, entre los que se encuentran los lugares de alojamiento. Los hoteles, hostales, campings, albergues, pensiones, todos los establecimientos hoteleros, tenemos la obligaci\u00f3n de registrar los documentos de identidad de todas las personas que se alojen que sean mayores de 14 a\u00f1os. Estos registros los enviamos diariamente a las fuerzas y cuerpos de seguridad.<\/p>\n<p><strong>En Comentarios<\/strong><\/p>\n<p>Cuando los visitantes web dejan comentarios en la misma, recopilamos los datos que se muestran en el formulario de comentarios, as\u00ed como la direcci\u00f3n IP del visitante y la cadena de agentes de usuario del navegador para ayudar a la detecci\u00f3n de spam.<\/p>\n<p>Una cadena an\u00f3nima creada a partir de tu direcci\u00f3n de correo electr\u00f3nico (tambi\u00e9n llamada hash) puede ser proporcionada al servicio de Gravatar para ver si la est\u00e1s usando. La pol\u00edtica de privacidad del servicio Gravatar est\u00e1 disponible aqu\u00ed: https:\/\/automattic.com\/privacy\/. Despu\u00e9s de la aprobaci\u00f3n de tu comentario, la imagen de tu perfil es visible para el p\u00fablico en el contexto de su comentario.<\/p>\n<p>&nbsp;<\/p>\n<h2>Qu\u00e9 derechos tienes sobre tus datos<\/h2>\n<p>Puedes solicitar que eliminemos o actualicemos cualquier dato personal que tengamos sobre ti. A la hora de borrar datos, no se incluir\u00e1 ning\u00fan dato que estemos obligados a conservar con fines administrativos, legales o de seguridad.<\/p>\n<p>Para ejercer este derecho debes contactar con apartamentos@rinconesdelvino.com<\/p>\n<p>[\/et_pb_text][\/et_pb_column][\/et_pb_row][\/et_pb_section][et_pb_section fb_built=\u00bb1&#8243; admin_label=\u00bbPIE DE PAGINA\u00bb _builder_version=\u00bb3.19.4&#8243; background_color=\u00bb#efefef\u00bb custom_margin=\u00bb||0px\u00bb custom_padding=\u00bb48px|0px|70px|0px|false|false\u00bb global_module=\u00bb149&#8243; saved_tabs=\u00bball\u00bb][et_pb_row custom_padding=\u00bb0|0px|27px|0px|false|false\u00bb _builder_version=\u00bb3.19.4&#8243;][et_pb_column type=\u00bb1_3&#8243; _builder_version=\u00bb3.19.4&#8243; parallax=\u00bboff\u00bb parallax_method=\u00bbon\u00bb][et_pb_text _builder_version=\u00bb3.19.4&#8243; text_font=\u00bb||||||||\u00bb text_text_color=\u00bb#000000&#8243; text_font_size=\u00bb15px\u00bb header_font=\u00bb||||||||\u00bb header_3_font=\u00bb|800|||||||\u00bb header_3_text_color=\u00bb#7a9d39&#8243; custom_margin=\u00bb||30px\u00bb]<\/p>\n<h3>Contacta<\/h3>\n<p>Apartamentos Tur\u00edsticos Rincones del Vino<br \/> C\/ Calvario, 9<br \/> 26280 EZCARAY, La Rioja<br \/> <span style=\"color: #000000;\"><a href=\"mailto:apartamentos@rinconesdelvino.com\" style=\"color: #000000;\">apartamentos@rinconesdelvino.com<\/a><\/span><\/p>\n<p>&nbsp;<\/p>\n<h2>[icon name=\u00bbphone\u00bb] 602 260 185<\/h2>\n<p>[\/et_pb_text][et_pb_social_media_follow _builder_version=\u00bb3.19.4&#8243;][et_pb_social_media_follow_network social_network=\u00bbfacebook\u00bb url=\u00bbhttps:\/\/www.facebook.com\/ApartamentosTuristicosRinconesDelVinoEzcaray\/\u00bb _builder_version=\u00bb3.19.4&#8243; background_color=\u00bb#3b5998&#8243; follow_button=\u00bboff\u00bb url_new_window=\u00bbon\u00bb]facebook[\/et_pb_social_media_follow_network][et_pb_social_media_follow_network social_network=\u00bbtwitter\u00bb _builder_version=\u00bb3.19.4&#8243; background_color=\u00bb#00aced\u00bb follow_button=\u00bboff\u00bb url_new_window=\u00bbon\u00bb]twitter[\/et_pb_social_media_follow_network][et_pb_social_media_follow_network social_network=\u00bbgoogle-plus\u00bb _builder_version=\u00bb3.19.4&#8243; background_color=\u00bb#dd4b39&#8243; follow_button=\u00bboff\u00bb url_new_window=\u00bbon\u00bb]google-plus[\/et_pb_social_media_follow_network][et_pb_social_media_follow_network social_network=\u00bbpinterest\u00bb _builder_version=\u00bb3.19.4&#8243; background_color=\u00bb#cb2027&#8243; follow_button=\u00bboff\u00bb url_new_window=\u00bbon\u00bb]pinterest[\/et_pb_social_media_follow_network][\/et_pb_social_media_follow][\/et_pb_column][et_pb_column type=\u00bb1_3&#8243; _builder_version=\u00bb3.19.4&#8243; parallax=\u00bboff\u00bb parallax_method=\u00bbon\u00bb][et_pb_text _builder_version=\u00bb3.19.4&#8243; text_font=\u00bb||||||||\u00bb text_text_color=\u00bb#000000&#8243; text_font_size=\u00bb15px\u00bb header_font=\u00bb||||||||\u00bb header_3_font=\u00bb|800|||||||\u00bb header_3_text_color=\u00bb#7a9d39&#8243;]<\/p>\n<h3>Rincones del Vino, Apartamentos Tur\u00edsticos en Ezcaray<\/h3>\n<p>Alojamientos ubicados en una f\u00e1brica textil del siglo XVIII, edificio rehabilitado protegido por Patrimonio Hist\u00f3rico y Art\u00edstico de La Rioja. Mezcla perfecta entre los elementos que se han respetado como las estructuras de madera, suelos de barro cocido y piedra sillar y todo lo que necesitamos para estar c\u00f3modos cuando viajamos.<\/p>\n<p>[\/et_pb_text][\/et_pb_column][et_pb_column type=\u00bb1_3&#8243; _builder_version=\u00bb3.19.4&#8243; parallax=\u00bboff\u00bb parallax_method=\u00bbon\u00bb][et_pb_text _builder_version=\u00bb3.19.4&#8243; text_font=\u00bb||||||||\u00bb text_text_color=\u00bb#000000&#8243; text_font_size=\u00bb15px\u00bb header_font=\u00bb||||||||\u00bb header_3_font=\u00bb|800|||||||\u00bb header_3_text_color=\u00bb#7a9d39&#8243; text_line_height=\u00bb1.3em\u00bb]<\/p>\n<h3>Informaci\u00f3n<\/h3>\n<p><span style=\"color: #339966;\"><strong>\u00bb <a href=\"#\" style=\"color: #339966;\">FAQs \/ Preguntas frecuentes<\/a><\/strong><\/span><br \/> <span style=\"color: #339966;\"> <strong> \u00bb <a href=\"#\" style=\"color: #339966;\">Pol\u00edticas de uso y reservas<br \/> <\/a><\/strong><\/span><span style=\"color: #339966;\"><strong>\u00bb <a href=\"https:\/\/rinconesdelvino.com\/apartamentos\/politica-de-privacidad\" style=\"color: #339966;\">Pol\u00edtica de privacidad<\/a><\/strong><\/span><br \/> <span style=\"color: #339966;\"> <strong> \u00bb <a href=\"#\" style=\"color: #339966;\">Pol\u00edtica de cookies<\/a><\/strong><\/span><\/p>\n<p>[\/et_pb_text][et_pb_text _builder_version=\u00bb3.19.4&#8243; text_font=\u00bb||||||||\u00bb text_text_color=\u00bb#000000&#8243; text_font_size=\u00bb15px\u00bb header_font=\u00bb||||||||\u00bb header_3_font=\u00bb|800|||||||\u00bb header_3_text_color=\u00bb#7a9d39&#8243; text_line_height=\u00bb1.3em\u00bb]<\/p>\n<h3>Mapa del sitio<\/h3>\n<p><strong><span style=\"color: #339966;\">\u00bb <a href=\"https:\/\/rinconesdelvino.com\/apartamentos\/inicio\/\" style=\"color: #339966;\">Inicio<\/a><\/span><\/strong><br \/> <strong> <span style=\"color: #339966;\"> \u00bb <a href=\"https:\/\/rinconesdelvino.com\/apartamentos\/apartamentos\/\" style=\"color: #339966;\">Apartamentos<\/a><\/span><\/strong><br \/> <strong> <span style=\"color: #339966;\"> \u00bb <a href=\"https:\/\/rinconesdelvino.com\/apartamentos\/estudios\/\" style=\"color: #339966;\">Estudios<\/a><\/span><\/strong><br \/> <strong> <span style=\"color: #339966;\"> \u00bb <a href=\"https:\/\/rinconesdelvino.com\/apartamentos\/la-casita\/\" style=\"color: #339966;\">La Casita<\/a><\/span><\/strong><br \/> <strong> <span style=\"color: #339966;\"> \u00bb <a href=\"https:\/\/rinconesdelvino.com\/apartamentos\/ofertas\/\" style=\"color: #339966;\">Ofertas<\/a><\/span><\/strong><br \/> <strong> <span style=\"color: #339966;\"> \u00bb <a href=\"https:\/\/rinconesdelvino.com\/apartamentos\/blog\/\" style=\"color: #339966;\">Noticias y Blog<\/a><\/span><\/strong><\/p>\n<p>[\/et_pb_text][\/et_pb_column][\/et_pb_row][\/et_pb_section]<\/p>\n","protected":false},"excerpt":{"rendered":"<p>[et_pb_section fb_built=\u00bb1&#8243; admin_label=\u00bbTOP ENCABEZADO\u00bb _builder_version=\u00bb3.19.4&#8243; custom_padding=\u00bb0|0px|0|0px|false|false\u00bb global_module=\u00bb263&#8243; saved_tabs=\u00bball\u00bb][et_pb_row custom_padding=\u00bb27px|0px|0|0px|false|false\u00bb _builder_version=\u00bb3.19.4&#8243;][et_pb_column type=\u00bb2_5&#8243; _builder_version=\u00bb3.19.4&#8243; parallax=\u00bboff\u00bb parallax_method=\u00bbon\u00bb][et_pb_image src=\u00bbhttps:\/\/rinconesdelvino.com\/apartamentos\/wp-content\/uploads\/2019\/02\/rincones-del-vino-logo.jpg\u00bb url=\u00bb{%22dynamic%22:true,%22content%22:%22home_url%22,%22settings%22:{}}\u00bb admin_label=\u00bbLogo\u00bb _builder_version=\u00bb3.19.4&#8243; _dynamic_attributes=\u00bburl\u00bb][\/et_pb_image][\/et_pb_column][et_pb_column type=\u00bb3_5&#8243; _builder_version=\u00bb3.19.4&#8243; parallax=\u00bboff\u00bb parallax_method=\u00bbon\u00bb][et_pb_text admin_label=\u00bbReserva online\u00bb _builder_version=\u00bb3.19.4&#8243; text_font=\u00bb||||||||\u00bb text_font_size=\u00bb14px\u00bb text_line_height=\u00bb1.2em\u00bb text_orientation=\u00bbright\u00bb] [icon name=\u00bbphone\u00bb] (+34) 602 260 185 Calvario, 9 EZCARAY, La Rioja Ofertas | Reserva online [\/et_pb_text][\/et_pb_column][\/et_pb_row][\/et_pb_section][et_pb_section fb_built=\u00bb1&#8243; fullwidth=\u00bbon\u00bb admin_label=\u00bbFRANJA DE MENUS\u00bb _builder_version=\u00bb3.19.4&#8243; custom_margin=\u00bb0px||0px||true\u00bb custom_padding=\u00bb0px||0px||true\u00bb global_module=\u00bb348&#8243;][et_pb_fullwidth_menu [&hellip;]<\/p>\n","protected":false},"author":1,"featured_media":0,"parent":0,"menu_order":0,"comment_status":"closed","ping_status":"open","template":"page-template-blank.php","meta":{"_et_pb_use_builder":"on","_et_pb_old_content":"<!-- wp:heading -->\n<h2>Qui\u00e9nes somos<\/h2>\n<!-- \/wp:heading -->\n\n<!-- wp:paragraph -->\n<p>La direcci\u00f3n de nuestra web es: http:\/\/rinconesdelvino.com\/apartamentos.<\/p>\n<!-- \/wp:paragraph -->\n\n<!-- wp:heading -->\n<h2>Qu\u00e9 datos personales recogemos y por qu\u00e9 los recogemos<\/h2>\n<!-- \/wp:heading -->\n\n<!-- wp:heading {\"level\":3} -->\n<h3>Comentarios<\/h3>\n<!-- \/wp:heading -->\n\n<!-- wp:paragraph -->\n<p>Cuando los visitantes dejan comentarios en la web, recopilamos los datos que se muestran en el formulario de comentarios, as\u00ed como la direcci\u00f3n IP del visitante y la cadena de agentes de usuario del navegador para ayudar a la detecci\u00f3n de spam.<\/p>\n<!-- \/wp:paragraph -->\n\n<!-- wp:paragraph -->\n<p>Una cadena an\u00f3nima creada a partir de tu direcci\u00f3n de correo electr\u00f3nico (tambi\u00e9n llamada hash) puede ser proporcionada al servicio de Gravatar para ver si la est\u00e1s usando. La pol\u00edtica de privacidad del servicio Gravatar est\u00e1 disponible aqu\u00ed: https:\/\/automattic.com\/privacy\/. Despu\u00e9s de la aprobaci\u00f3n de tu comentario, la imagen de tu perfil es visible para el p\u00fablico en el contexto de su comentario.<\/p>\n<!-- \/wp:paragraph -->\n\n<!-- wp:heading {\"level\":3} -->\n<h3>Medios<\/h3>\n<!-- \/wp:heading -->\n\n<!-- wp:paragraph -->\n<p>Si subes im\u00e1genes a la web deber\u00edas evitar subir im\u00e1genes con datos de ubicaci\u00f3n (GPS EXIF) incluidos. Los visitantes de la web pueden descargar y extraer cualquier dato de localizaci\u00f3n de las im\u00e1genes de la web.<\/p>\n<!-- \/wp:paragraph -->\n\n<!-- wp:heading {\"level\":3} -->\n<h3>Formularios de contacto<\/h3>\n<!-- \/wp:heading -->\n\n<!-- wp:heading {\"level\":3} -->\n<h3>Cookies<\/h3>\n<!-- \/wp:heading -->\n\n<!-- wp:paragraph -->\n<p>Si dejas un comentario en nuestro sitio puedes elegir guardar tu nombre, direcci\u00f3n de correo electr\u00f3nico y web en cookies. Esto es para tu comodidad, para que no tengas que volver a rellenar tus datos cuando dejes otro comentario. Estas cookies tendr\u00e1n una duraci\u00f3n de un a\u00f1o.<\/p>\n<!-- \/wp:paragraph -->\n\n<!-- wp:paragraph -->\n<p>Si tienes una cuenta y te conectas a este sitio, instalaremos una cookie temporal para determinar si tu navegador acepta cookies. Esta cookie no contiene datos personales y se elimina al cerrar el navegador.<\/p>\n<!-- \/wp:paragraph -->\n\n<!-- wp:paragraph -->\n<p>Cuando inicias sesi\u00f3n, tambi\u00e9n instalaremos varias cookies para guardar tu informaci\u00f3n de inicio de sesi\u00f3n y tus opciones de visualizaci\u00f3n de pantalla. Las cookies de inicio de sesi\u00f3n duran dos d\u00edas, y las cookies de opciones de pantalla duran un a\u00f1o. Si seleccionas \"Recordarme\", tu inicio de sesi\u00f3n perdurar\u00e1 durante dos semanas. Si sales de tu cuenta, las cookies de inicio de sesi\u00f3n se eliminar\u00e1n.<\/p>\n<!-- \/wp:paragraph -->\n\n<!-- wp:paragraph -->\n<p>Si editas o publicas un art\u00edculo se guardar\u00e1 una cookie adicional en tu navegador. Esta cookie no incluye datos personales y simplemente indica el ID del art\u00edculo que acabas de editar. Caduca despu\u00e9s de 1 d\u00eda.<\/p>\n<!-- \/wp:paragraph -->\n\n<!-- wp:heading {\"level\":3} -->\n<h3>Contenido incrustado de otros sitios web<\/h3>\n<!-- \/wp:heading -->\n\n<!-- wp:paragraph -->\n<p>Los art\u00edculos de este sitio pueden incluir contenido incrustado (por ejemplo, v\u00eddeos, im\u00e1genes, art\u00edculos, etc.). El contenido incrustado de otras web se comporta exactamente de la misma manera que si el visitante hubiera visitado la otra web.<\/p>\n<!-- \/wp:paragraph -->\n\n<!-- wp:paragraph -->\n<p>Estas web pueden recopilar datos sobre ti, utilizar cookies, incrustar un seguimiento adicional de terceros, y supervisar tu interacci\u00f3n con ese contenido incrustado, incluido el seguimiento de tu interacci\u00f3n con el contenido incrustado si tienes una cuenta y est\u00e1s conectado a esa web.<\/p>\n<!-- \/wp:paragraph -->\n\n<!-- wp:heading {\"level\":3} -->\n<h3>Anal\u00edtica<\/h3>\n<!-- \/wp:heading -->\n\n<!-- wp:heading -->\n<h2>Con qui\u00e9n compartimos tus datos<\/h2>\n<!-- \/wp:heading -->\n\n<!-- wp:heading -->\n<h2>Cu\u00e1nto tiempo conservamos tus datos<\/h2>\n<!-- \/wp:heading -->\n\n<!-- wp:paragraph -->\n<p>Si dejas un comentario, el comentario y sus metadatos se conservan indefinidamente. Esto es para que podamos reconocer y aprobar comentarios sucesivos autom\u00e1ticamente en lugar de mantenerlos en una cola de moderaci\u00f3n.<\/p>\n<!-- \/wp:paragraph -->\n\n<!-- wp:paragraph -->\n<p>De los usuarios que se registran en nuestra web (si los hay), tambi\u00e9n almacenamos la informaci\u00f3n personal que proporcionan en su perfil de usuario. Todos los usuarios pueden ver, editar o eliminar su informaci\u00f3n personal en cualquier momento (excepto que no pueden cambiar su nombre de usuario). Los administradores de la web tambi\u00e9n pueden ver y editar esa informaci\u00f3n.<\/p>\n<!-- \/wp:paragraph -->\n\n<!-- wp:heading -->\n<h2>Qu\u00e9 derechos tienes sobre tus datos<\/h2>\n<!-- \/wp:heading -->\n\n<!-- wp:paragraph -->\n<p>Si tienes una cuenta o has dejado comentarios en esta web, puedes solicitar recibir un archivo de exportaci\u00f3n de los datos personales que tenemos sobre ti, incluyendo cualquier dato que nos hayas proporcionado. Tambi\u00e9n puedes solicitar que eliminemos cualquier dato personal que tengamos sobre ti. Esto no incluye ning\u00fan dato que estemos obligados a conservar con fines administrativos, legales o de seguridad.<\/p>\n<!-- \/wp:paragraph -->\n\n<!-- wp:heading -->\n<h2>D\u00f3nde enviamos tus datos<\/h2>\n<!-- \/wp:heading -->\n\n<!-- wp:paragraph -->\n<p>Los comentarios de los visitantes puede que los revise un servicio de detecci\u00f3n autom\u00e1tica de spam.<\/p>\n<!-- \/wp:paragraph -->\n\n<!-- wp:heading -->\n<h2>Tu informaci\u00f3n de contacto<\/h2>\n<!-- \/wp:heading -->\n\n<!-- wp:heading -->\n<h2>Informaci\u00f3n adicional<\/h2>\n<!-- \/wp:heading -->\n\n<!-- wp:heading {\"level\":3} -->\n<h3>C\u00f3mo protegemos tus datos<\/h3>\n<!-- \/wp:heading -->\n\n<!-- wp:heading {\"level\":3} -->\n<h3>Qu\u00e9 procedimientos utilizamos contra las brechas de datos<\/h3>\n<!-- \/wp:heading -->\n\n<!-- wp:heading {\"level\":3} -->\n<h3>De qu\u00e9 terceros recibimos datos<\/h3>\n<!-- \/wp:heading -->\n\n<!-- wp:heading {\"level\":3} -->\n<h3>Qu\u00e9 tipo de toma de decisiones automatizada y\/o perfilado hacemos con los datos del usuario<\/h3>\n<!-- \/wp:heading -->\n\n<!-- wp:heading {\"level\":3} -->\n<h3>Requerimientos regulatorios de revelaci\u00f3n de informaci\u00f3n del sector<\/h3>\n<!-- \/wp:heading -->","_et_gb_content_width":"","_monsterinsights_skip_tracking":false,"_monsterinsights_sitenote_active":false,"_monsterinsights_sitenote_note":"","_monsterinsights_sitenote_category":0,"footnotes":"","_joinchat":[]},"aioseo_notices":[],"_links":{"self":[{"href":"https:\/\/rinconesdelvino.com\/apartamentos\/wp-json\/wp\/v2\/pages\/3"}],"collection":[{"href":"https:\/\/rinconesdelvino.com\/apartamentos\/wp-json\/wp\/v2\/pages"}],"about":[{"href":"https:\/\/rinconesdelvino.com\/apartamentos\/wp-json\/wp\/v2\/types\/page"}],"author":[{"embeddable":true,"href":"https:\/\/rinconesdelvino.com\/apartamentos\/wp-json\/wp\/v2\/users\/1"}],"replies":[{"embeddable":true,"href":"https:\/\/rinconesdelvino.com\/apartamentos\/wp-json\/wp\/v2\/comments?post=3"}],"version-history":[{"count":13,"href":"https:\/\/rinconesdelvino.com\/apartamentos\/wp-json\/wp\/v2\/pages\/3\/revisions"}],"predecessor-version":[{"id":420,"href":"https:\/\/rinconesdelvino.com\/apartamentos\/wp-json\/wp\/v2\/pages\/3\/revisions\/420"}],"wp:attachment":[{"href":"https:\/\/rinconesdelvino.com\/apartamentos\/wp-json\/wp\/v2\/media?parent=3"}],"curies":[{"name":"wp","href":"https:\/\/api.w.org\/{rel}","templated":true}]}}