{"id":326,"date":"2019-02-20T10:17:34","date_gmt":"2019-02-20T09:17:34","guid":{"rendered":"https:\/\/rinconesdelvino.com\/apartamentos\/?page_id=326"},"modified":"2020-04-14T19:55:40","modified_gmt":"2020-04-14T17:55:40","slug":"blog","status":"publish","type":"page","link":"https:\/\/rinconesdelvino.com\/apartamentos\/blog\/","title":{"rendered":"Blog"},"content":{"rendered":"<p>[et_pb_section fb_built=\u00bb1&#8243; admin_label=\u00bbTOP ENCABEZADO\u00bb _builder_version=\u00bb3.19.4&#8243; custom_padding=\u00bb0|0px|0|0px|false|false\u00bb global_module=\u00bb263&#8243; saved_tabs=\u00bball\u00bb][et_pb_row custom_padding=\u00bb27px|0px|0|0px|false|false\u00bb disabled_on=\u00bbon|on|off\u00bb admin_label=\u00bbFila PC\u00bb _builder_version=\u00bb3.19.4&#8243;][et_pb_column type=\u00bb2_5&#8243; _builder_version=\u00bb3.19.4&#8243; parallax=\u00bboff\u00bb parallax_method=\u00bbon\u00bb][et_pb_image src=\u00bbhttps:\/\/rinconesdelvino.com\/apartamentos\/wp-content\/uploads\/2019\/02\/rincones-del-vino-logo.jpg\u00bb url=\u00bb{%22dynamic%22:true,%22content%22:%22home_url%22,%22settings%22:{}}\u00bb admin_label=\u00bbLogo\u00bb _builder_version=\u00bb3.19.4&#8243; _dynamic_attributes=\u00bburl\u00bb][\/et_pb_image][\/et_pb_column][et_pb_column type=\u00bb3_5&#8243; _builder_version=\u00bb3.19.4&#8243; parallax=\u00bboff\u00bb parallax_method=\u00bbon\u00bb][et_pb_text admin_label=\u00bbReserva online\u00bb _builder_version=\u00bb3.19.4&#8243; text_font=\u00bb||||||||\u00bb text_font_size=\u00bb14px\u00bb text_line_height=\u00bb1.2em\u00bb text_orientation=\u00bbright\u00bb]<\/p>\n<p><i class=\"fa fa-phone-square\"><\/i> <i style=\"color: #55c900;\" class=\"fab fa-whatsapp\"><\/i> (+34) 602 260 185<\/p>\n<p>Las Te\u00f1as, 25 EZCARAY, La Rioja<\/p>\n<p><strong><a href=\"https:\/\/rinconesdelvino.com\/apartamentos\/ofertas\" title=\"Ofertas\"><span style=\"color: #000000;\">Ofertas<\/span><\/a> | <a href=\"https:\/\/booking.redforts.com\/bCVKLYNO\" title=\"Reserva online\"><span style=\"color: #ff6600;\">Reserva online<\/span><\/a><\/strong><\/p>\n<p>[\/et_pb_text][\/et_pb_column][\/et_pb_row][et_pb_row custom_padding=\u00bb27px|0px|0|0px|false|false\u00bb disabled_on=\u00bboff|off|on\u00bb admin_label=\u00bbFila Movil\u00bb _builder_version=\u00bb3.19.4&#8243;][et_pb_column type=\u00bb4_4&#8243; _builder_version=\u00bb3.19.4&#8243; parallax=\u00bboff\u00bb parallax_method=\u00bbon\u00bb][et_pb_image src=\u00bbhttps:\/\/rinconesdelvino.com\/apartamentos\/wp-content\/uploads\/2019\/02\/rincones-del-vino-logo.jpg\u00bb url=\u00bb{%22dynamic%22:true,%22content%22:%22home_url%22,%22settings%22:{}}\u00bb align=\u00bbcenter\u00bb disabled_on=\u00bboff|off|on\u00bb admin_label=\u00bbLogo\u00bb _builder_version=\u00bb3.19.4&#8243; _dynamic_attributes=\u00bburl\u00bb][\/et_pb_image][et_pb_text disabled_on=\u00bboff|off|on\u00bb admin_label=\u00bbReserva online\u00bb _builder_version=\u00bb3.19.4&#8243; text_font=\u00bb||||||||\u00bb text_font_size=\u00bb14px\u00bb text_line_height=\u00bb1.2em\u00bb text_orientation=\u00bbcenter\u00bb]<\/p>\n<p><i class=\"fa fa-phone-square\"><\/i> <i style=\"color: #55c900;\" class=\"fab fa-whatsapp\"><\/i> <span style=\"color: #000000;\"><a href=\"tel:602260185\" style=\"color: #000000;\">(+34) 602 260 185<\/a><\/span><br \/> Las Te\u00f1as, 25 EZCARAY, La Rioja<\/p>\n<p><strong><a href=\"https:\/\/rinconesdelvino.com\/apartamentos\/ofertas\" title=\"Ofertas\"><span style=\"color: #000000;\">Ofertas<\/span><\/a> | <a href=\"https:\/\/booking.redforts.com\/bCVKLYNO\" title=\"Reserva online\"><span style=\"color: #ff6600;\">Reserva online<\/span><\/a><\/strong><\/p>\n<p>[\/et_pb_text][\/et_pb_column][\/et_pb_row][\/et_pb_section][et_pb_section fb_built=\u00bb1&#8243; fullwidth=\u00bbon\u00bb disabled_on=\u00bboff|off|off\u00bb admin_label=\u00bbFRANJA DE MENUS\u00bb _builder_version=\u00bb3.19.4&#8243; custom_margin=\u00bb0px||0px||true\u00bb custom_padding=\u00bb0px||0px||true\u00bb animation_style=\u00bbslide\u00bb animation_direction=\u00bbright\u00bb global_module=\u00bb348&#8243; saved_tabs=\u00bball\u00bb][et_pb_fullwidth_menu menu_id=\u00bb3&#8243; fullwidth_menu=\u00bboff\u00bb active_link_color=\u00bb#7a9d39&#8243; dropdown_menu_text_color=\u00bb#000000&#8243; mobile_menu_text_color=\u00bb#000000&#8243; disabled_on=\u00bbon|on|off\u00bb _builder_version=\u00bb3.19.4&#8243; menu_font=\u00bb|700|||||||\u00bb menu_font_size=\u00bb17px\u00bb text_orientation=\u00bbright\u00bb][\/et_pb_fullwidth_menu][et_pb_fullwidth_menu menu_id=\u00bb3&#8243; fullwidth_menu=\u00bboff\u00bb active_link_color=\u00bb#7a9d39&#8243; dropdown_menu_text_color=\u00bb#000000&#8243; mobile_menu_text_color=\u00bb#000000&#8243; disabled_on=\u00bboff|off|on\u00bb _builder_version=\u00bb3.19.4&#8243; menu_font=\u00bb|700|||||||\u00bb menu_font_size=\u00bb17px\u00bb text_orientation=\u00bbcenter\u00bb][\/et_pb_fullwidth_menu][\/et_pb_section][et_pb_section fb_built=\u00bb1&#8243; admin_label=\u00bbSecci\u00f3n BLOG\u00bb _builder_version=\u00bb3.19.4&#8243;][et_pb_row use_custom_gutter=\u00bbon\u00bb gutter_width=\u00bb2&#8243; custom_padding=\u00bb0|0px|27px|0px|false|false\u00bb _builder_version=\u00bb3.19.4&#8243;][et_pb_column type=\u00bb1_4&#8243; _builder_version=\u00bb3.19.4&#8243; parallax=\u00bboff\u00bb parallax_method=\u00bbon\u00bb][et_pb_text _builder_version=\u00bb3.19.4&#8243;]<\/p>\n<h3>PR\u00d3XIMAS CITAS DE EZCARAY Y DEL VALLE DEL OJA<\/h3>\n<p>[\/et_pb_text][et_pb_blurb title=\u00bb21 mar\u00bb admin_label=\u00bbevento\u00bb _builder_version=\u00bb3.19.4&#8243; header_font=\u00bb||||||||\u00bb header_text_color=\u00bb#ffe92b\u00bb header_font_size=\u00bb22px\u00bb background_color=\u00bb#897769&#8243; background_layout=\u00bbdark\u00bb custom_padding=\u00bb10px|10px|10px|10px|true|true\u00bb animation_style=\u00bbslide\u00bb animation_direction=\u00bbbottom\u00bb animation_duration=\u00bb500ms\u00bb]<\/p>\n<p>Las Habas de San Benito. Tradici\u00f3n medieval que rememora el reparto de las habas cocinadas con tocino.<\/p>\n<p><span style=\"color: #ffff00;\"><\/span><\/p>\n<p>[\/et_pb_blurb][et_pb_blurb title=\u00bbLunes de Pascua de Pentecost\u00e9s\u00bb admin_label=\u00bbevento\u00bb _builder_version=\u00bb3.19.4&#8243; header_font=\u00bb||||||||\u00bb header_text_color=\u00bb#ffe92b\u00bb header_font_size=\u00bb22px\u00bb background_color=\u00bb#7a9d39&#8243; background_layout=\u00bbdark\u00bb custom_padding=\u00bb10px|10px|10px|10px|true|true\u00bb animation_style=\u00bbslide\u00bb animation_direction=\u00bbbottom\u00bb animation_duration=\u00bb500ms\u00bb]<\/p>\n<p>Fiestas tradicionales de Santa B\u00e1rbara. Romer\u00eda y misa en la ermita. Procesi\u00f3n y fiesta.<br \/><span style=\"color: #ffff00;\"><\/span><\/p>\n<p>[\/et_pb_blurb][et_pb_blurb title=\u00bb24 jun\u00bb admin_label=\u00bbevento\u00bb _builder_version=\u00bb3.19.4&#8243; header_font=\u00bb||||||||\u00bb header_text_color=\u00bb#ffe92b\u00bb header_font_size=\u00bb22px\u00bb background_color=\u00bb#897769&#8243; background_layout=\u00bbdark\u00bb custom_padding=\u00bb10px|10px|10px|10px|true|true\u00bb animation_style=\u00bbslide\u00bb animation_direction=\u00bbbottom\u00bb animation_duration=\u00bb500ms\u00bb]<\/p>\n<p>Fiestas de San Juan. Romer\u00eda, vino y sorteo de un cordero.<\/p>\n<p><span style=\"color: #ffff00;\"><\/span><\/p>\n<p>[\/et_pb_blurb][\/et_pb_column][et_pb_column type=\u00bb3_4&#8243; _builder_version=\u00bb3.19.4&#8243; parallax=\u00bboff\u00bb parallax_method=\u00bbon\u00bb][et_pb_text admin_label=\u00bbPresentaci\u00f3n del blog\u00bb _builder_version=\u00bb3.19.4&#8243;]<\/p>\n<h1>Blog y Agenda de Ocio<\/h1>\n<p>Ocio y Actividades en Ezcaray y el Valle del Oja y m\u00e1s noticias relacionada en nuesto Facebook. \u00a1Comparte!<\/p>\n<p>[\/et_pb_text][et_pb_blog fullwidth=\u00bboff\u00bb posts_number=\u00bb12&#8243; meta_date=\u00bbj M y\u00bb _builder_version=\u00bb3.19.4&#8243; header_font=\u00bb|||||on|||\u00bb header_text_color=\u00bb#7a9d39&#8243; header_letter_spacing=\u00bb1px\u00bb body_font=\u00bb||||||||\u00bb meta_font=\u00bb||||||||\u00bb meta_text_color=\u00bb#897769&#8243; meta_font_size=\u00bb13px\u00bb box_shadow_style=\u00bbpreset1&#8243;][\/et_pb_blog][\/et_pb_column][\/et_pb_row][\/et_pb_section][et_pb_section fb_built=\u00bb1&#8243; admin_label=\u00bbPIE DE PAGINA\u00bb _builder_version=\u00bb3.19.4&#8243; background_color=\u00bb#efefef\u00bb custom_margin=\u00bb||0px\u00bb custom_padding=\u00bb48px|0px|70px|0px|false|false\u00bb global_module=\u00bb149&#8243; saved_tabs=\u00bball\u00bb][et_pb_row custom_padding=\u00bb0|0px|27px|0px|false|false\u00bb _builder_version=\u00bb3.19.4&#8243;][et_pb_column type=\u00bb1_3&#8243; _builder_version=\u00bb3.19.4&#8243; parallax=\u00bboff\u00bb parallax_method=\u00bbon\u00bb][et_pb_text _builder_version=\u00bb3.19.4&#8243; text_font=\u00bb||||||||\u00bb text_text_color=\u00bb#000000&#8243; text_font_size=\u00bb15px\u00bb header_font=\u00bb||||||||\u00bb header_3_font=\u00bb|800|||||||\u00bb header_3_text_color=\u00bb#7a9d39&#8243; custom_margin=\u00bb||30px\u00bb]<\/p>\n<h3>Contacta<\/h3>\n<p>Apartamentos Tur\u00edsticos Rincones del Vino<br \/> C\/ Las Te\u00f1as, 25<br \/> 26280 EZCARAY, La Rioja<br \/> <span style=\"color: #000000;\"><a href=\"mailto:apartamentos@rinconesdelvino.com\" style=\"color: #000000;\">apartamentos@rinconesdelvino.com<\/a><\/span><\/p>\n<p>&nbsp;<\/p>\n<h2><i class=\"fa fa-phone-square\"><\/i> <i style=\"color: #55c900;\" class=\"fab fa-whatsapp\"><\/i> <span style=\"color: #000000;\"><a href=\"tel:602260185\" style=\"color: #000000;\">602 260 185<\/a><\/span><\/h2>\n<p>[\/et_pb_text][et_pb_social_media_follow _builder_version=\u00bb3.19.4&#8243;][et_pb_social_media_follow_network social_network=\u00bbfacebook\u00bb url=\u00bbhttps:\/\/www.facebook.com\/ApartamentosTuristicosRinconesDelVinoEzcaray\/\u00bb _builder_version=\u00bb3.19.4&#8243; background_color=\u00bb#3b5998&#8243; follow_button=\u00bboff\u00bb url_new_window=\u00bbon\u00bb]facebook[\/et_pb_social_media_follow_network][et_pb_social_media_follow_network social_network=\u00bbtwitter\u00bb _builder_version=\u00bb3.19.4&#8243; background_color=\u00bb#00aced\u00bb follow_button=\u00bboff\u00bb url_new_window=\u00bbon\u00bb]twitter[\/et_pb_social_media_follow_network][et_pb_social_media_follow_network social_network=\u00bbgoogle-plus\u00bb _builder_version=\u00bb3.19.4&#8243; background_color=\u00bb#dd4b39&#8243; follow_button=\u00bboff\u00bb url_new_window=\u00bbon\u00bb]google-plus[\/et_pb_social_media_follow_network][et_pb_social_media_follow_network social_network=\u00bbpinterest\u00bb _builder_version=\u00bb3.19.4&#8243; background_color=\u00bb#cb2027&#8243; follow_button=\u00bboff\u00bb url_new_window=\u00bbon\u00bb]pinterest[\/et_pb_social_media_follow_network][\/et_pb_social_media_follow][\/et_pb_column][et_pb_column type=\u00bb1_3&#8243; _builder_version=\u00bb3.19.4&#8243; parallax=\u00bboff\u00bb parallax_method=\u00bbon\u00bb][et_pb_text _builder_version=\u00bb3.19.4&#8243; text_font=\u00bb||||||||\u00bb text_text_color=\u00bb#000000&#8243; text_font_size=\u00bb15px\u00bb header_font=\u00bb||||||||\u00bb header_3_font=\u00bb|800|||||||\u00bb header_3_text_color=\u00bb#7a9d39&#8243;]<\/p>\n<h3>Rincones del Vino, Apartamentos Tur\u00edsticos en Ezcaray<\/h3>\n<p>Alojamientos ubicados en una f\u00e1brica textil del siglo XVIII, edificio rehabilitado protegido por Patrimonio Hist\u00f3rico y Art\u00edstico de La Rioja. Mezcla perfecta entre los elementos que se han respetado como las estructuras de madera, suelos de barro cocido y piedra sillar y todo lo que necesitamos para estar c\u00f3modos cuando viajamos.<\/p>\n<p>[\/et_pb_text][\/et_pb_column][et_pb_column type=\u00bb1_3&#8243; _builder_version=\u00bb3.19.4&#8243; parallax=\u00bboff\u00bb parallax_method=\u00bbon\u00bb][et_pb_text _builder_version=\u00bb3.19.4&#8243; text_font=\u00bb||||||||\u00bb text_text_color=\u00bb#000000&#8243; text_font_size=\u00bb15px\u00bb text_line_height=\u00bb1.3em\u00bb header_font=\u00bb||||||||\u00bb header_3_font=\u00bb|800|||||||\u00bb header_3_text_color=\u00bb#7a9d39&#8243;]<\/p>\n<h3>Informaci\u00f3n<\/h3>\n<p><span style=\"color: #339966;\"><strong>\u00bb <a href=\"https:\/\/booking.redforts.com\/bCVKLYNO\">Reserva online<\/a><br \/> \u00bb <a href=\"https:\/\/rinconesdelvino.com\/apartamentos\/faq\/\" style=\"color: #339966;\">FAQs \/ Preguntas frecuentes<\/a><\/strong><\/span><br \/> <span style=\"color: #339966;\"> <strong> \u00bb <a href=\"https:\/\/rinconesdelvino.com\/apartamentos\/politica-de-uso-y-reserva\" style=\"color: #339966;\">Pol\u00edtica de uso y reservas<\/a><\/strong><\/span><span style=\"color: #339966;\"><strong><br \/> \u00bb <a href=\"https:\/\/rinconesdelvino.com\/apartamentos\/politica-de-privacidad\" style=\"color: #339966;\">Pol\u00edtica de privacidad<\/a><\/strong><\/span><br \/> <span style=\"color: #339966;\"> <strong> \u00bb <a href=\"https:\/\/rinconesdelvino.com\/apartamentos\/politica-de-cookies\" style=\"color: #339966;\">Pol\u00edtica de cookies<\/a><\/strong><\/span><\/p>\n<p>[\/et_pb_text][et_pb_text _builder_version=\u00bb3.19.4&#8243; text_font=\u00bb||||||||\u00bb text_text_color=\u00bb#000000&#8243; text_font_size=\u00bb15px\u00bb text_line_height=\u00bb1.3em\u00bb header_font=\u00bb||||||||\u00bb header_3_font=\u00bb|800|||||||\u00bb header_3_text_color=\u00bb#7a9d39&#8243;]<\/p>\n<h3>Mapa del sitio<\/h3>\n<p><strong><span style=\"color: #339966;\">\u00bb <a href=\"https:\/\/rinconesdelvino.com\/apartamentos\/inicio\/\" style=\"color: #339966;\">Inicio<\/a><\/span><\/strong><br \/> <strong> <span style=\"color: #339966;\"> \u00bb <a href=\"https:\/\/rinconesdelvino.com\/apartamentos\/apartamentos\/\" style=\"color: #339966;\">Apartamentos<\/a><\/span><\/strong><br \/> <strong> <span style=\"color: #339966;\"> \u00bb <a href=\"https:\/\/rinconesdelvino.com\/apartamentos\/estudios\/\" style=\"color: #339966;\">Estudios<\/a><\/span><\/strong><br \/> <strong> <span style=\"color: #339966;\"> \u00bb <a href=\"https:\/\/rinconesdelvino.com\/apartamentos\/la-casita\/\" style=\"color: #339966;\">La Casita<\/a><\/span><\/strong><br \/> <strong> <span style=\"color: #339966;\"> \u00bb <a href=\"https:\/\/rinconesdelvino.com\/apartamentos\/ofertas\/\" style=\"color: #339966;\">Ofertas<\/a><\/span><\/strong><br \/> <strong> <span style=\"color: #339966;\"> \u00bb <a href=\"https:\/\/rinconesdelvino.com\/apartamentos\/blog\/\" style=\"color: #339966;\">Noticias y Blog<\/a><\/span><\/strong><\/p>\n<p>[\/et_pb_text][\/et_pb_column][\/et_pb_row][\/et_pb_section]<\/p>\n","protected":false},"excerpt":{"rendered":"<p>[et_pb_section fb_built=\u00bb1&#8243; admin_label=\u00bbTOP ENCABEZADO\u00bb _builder_version=\u00bb3.19.4&#8243; custom_padding=\u00bb0|0px|0|0px|false|false\u00bb global_module=\u00bb263&#8243; saved_tabs=\u00bball\u00bb][et_pb_row custom_padding=\u00bb27px|0px|0|0px|false|false\u00bb disabled_on=\u00bbon|on|off\u00bb admin_label=\u00bbFila PC\u00bb _builder_version=\u00bb3.19.4&#8243;][et_pb_column type=\u00bb2_5&#8243; _builder_version=\u00bb3.19.4&#8243; parallax=\u00bboff\u00bb parallax_method=\u00bbon\u00bb][et_pb_image src=\u00bbhttps:\/\/rinconesdelvino.com\/apartamentos\/wp-content\/uploads\/2019\/02\/rincones-del-vino-logo.jpg\u00bb url=\u00bb{%22dynamic%22:true,%22content%22:%22home_url%22,%22settings%22:{}}\u00bb admin_label=\u00bbLogo\u00bb _builder_version=\u00bb3.19.4&#8243; _dynamic_attributes=\u00bburl\u00bb][\/et_pb_image][\/et_pb_column][et_pb_column type=\u00bb3_5&#8243; _builder_version=\u00bb3.19.4&#8243; parallax=\u00bboff\u00bb parallax_method=\u00bbon\u00bb][et_pb_text admin_label=\u00bbReserva online\u00bb _builder_version=\u00bb3.19.4&#8243; text_font=\u00bb||||||||\u00bb text_font_size=\u00bb14px\u00bb text_line_height=\u00bb1.2em\u00bb text_orientation=\u00bbright\u00bb] (+34) 602 260 185 Las Te\u00f1as, 25 EZCARAY, La Rioja Ofertas | Reserva online [\/et_pb_text][\/et_pb_column][\/et_pb_row][et_pb_row custom_padding=\u00bb27px|0px|0|0px|false|false\u00bb disabled_on=\u00bboff|off|on\u00bb admin_label=\u00bbFila Movil\u00bb _builder_version=\u00bb3.19.4&#8243;][et_pb_column type=\u00bb4_4&#8243; _builder_version=\u00bb3.19.4&#8243; [&hellip;]<\/p>\n","protected":false},"author":1,"featured_media":0,"parent":0,"menu_order":0,"comment_status":"closed","ping_status":"closed","template":"page-template-blank.php","meta":{"_et_pb_use_builder":"on","_et_pb_old_content":"","_et_gb_content_width":"","_monsterinsights_skip_tracking":false,"_monsterinsights_sitenote_active":false,"_monsterinsights_sitenote_note":"","_monsterinsights_sitenote_category":0,"footnotes":"","_joinchat":[]},"aioseo_notices":[],"_links":{"self":[{"href":"https:\/\/rinconesdelvino.com\/apartamentos\/wp-json\/wp\/v2\/pages\/326"}],"collection":[{"href":"https:\/\/rinconesdelvino.com\/apartamentos\/wp-json\/wp\/v2\/pages"}],"about":[{"href":"https:\/\/rinconesdelvino.com\/apartamentos\/wp-json\/wp\/v2\/types\/page"}],"author":[{"embeddable":true,"href":"https:\/\/rinconesdelvino.com\/apartamentos\/wp-json\/wp\/v2\/users\/1"}],"replies":[{"embeddable":true,"href":"https:\/\/rinconesdelvino.com\/apartamentos\/wp-json\/wp\/v2\/comments?post=326"}],"version-history":[{"count":15,"href":"https:\/\/rinconesdelvino.com\/apartamentos\/wp-json\/wp\/v2\/pages\/326\/revisions"}],"predecessor-version":[{"id":827,"href":"https:\/\/rinconesdelvino.com\/apartamentos\/wp-json\/wp\/v2\/pages\/326\/revisions\/827"}],"wp:attachment":[{"href":"https:\/\/rinconesdelvino.com\/apartamentos\/wp-json\/wp\/v2\/media?parent=326"}],"curies":[{"name":"wp","href":"https:\/\/api.w.org\/{rel}","templated":true}]}}