{"id":421,"date":"2019-02-20T17:52:21","date_gmt":"2019-02-20T16:52:21","guid":{"rendered":"https:\/\/rinconesdelvino.com\/apartamentos\/?page_id=421"},"modified":"2019-03-12T10:28:50","modified_gmt":"2019-03-12T09:28:50","slug":"politica-de-cookies","status":"publish","type":"page","link":"https:\/\/rinconesdelvino.com\/apartamentos\/politica-de-cookies\/","title":{"rendered":"Pol\u00edtica de cookies"},"content":{"rendered":"<p>[et_pb_section fb_built=\u00bb1&#8243; admin_label=\u00bbTOP ENCABEZADO\u00bb _builder_version=\u00bb3.19.4&#8243; custom_padding=\u00bb0|0px|0|0px|false|false\u00bb global_module=\u00bb263&#8243; saved_tabs=\u00bball\u00bb][et_pb_row custom_padding=\u00bb27px|0px|0|0px|false|false\u00bb disabled_on=\u00bbon|on|off\u00bb _builder_version=\u00bb3.19.4&#8243;][et_pb_column type=\u00bb2_5&#8243; _builder_version=\u00bb3.19.4&#8243; parallax=\u00bboff\u00bb parallax_method=\u00bbon\u00bb][et_pb_image src=\u00bbhttps:\/\/rinconesdelvino.com\/apartamentos\/wp-content\/uploads\/2019\/02\/rincones-del-vino-logo.jpg\u00bb url=\u00bb{%22dynamic%22:true,%22content%22:%22home_url%22,%22settings%22:{}}\u00bb admin_label=\u00bbLogo\u00bb _builder_version=\u00bb3.19.4&#8243; _dynamic_attributes=\u00bburl\u00bb][\/et_pb_image][\/et_pb_column][et_pb_column type=\u00bb3_5&#8243; _builder_version=\u00bb3.19.4&#8243; parallax=\u00bboff\u00bb parallax_method=\u00bbon\u00bb][et_pb_text admin_label=\u00bbReserva online\u00bb _builder_version=\u00bb3.19.4&#8243; text_font=\u00bb||||||||\u00bb text_font_size=\u00bb14px\u00bb text_line_height=\u00bb1.2em\u00bb text_orientation=\u00bbright\u00bb]<i class=\"fa fa-phone-square\"><\/i> <i style=\"color:#55c900;\" class=\"fab fa-whatsapp\"><\/i> (+34) 602 260 185<br \/>\nLas Te\u00f1as, 25 EZCARAY, La Rioja<\/p>\n<p><strong><a href=\"https:\/\/rinconesdelvino.com\/apartamentos\/ofertas\" title=\"Ofertas\"><span style=\"color: #000000;\">Ofertas<\/span><\/a> | <a href=\"https:\/\/booking.redforts.com\/bCVKLYNO\" title=\"Reserva online\"><span style=\"color: #ff6600;\">Reserva online<\/span><\/a><\/strong>[\/et_pb_text][\/et_pb_column][\/et_pb_row][et_pb_row custom_padding=\u00bb27px|0px|0|0px|false|false\u00bb disabled_on=\u00bboff|off|on\u00bb _builder_version=\u00bb3.19.4&#8243;][et_pb_column type=\u00bb4_4&#8243; _builder_version=\u00bb3.19.4&#8243; parallax=\u00bboff\u00bb parallax_method=\u00bbon\u00bb][et_pb_image src=\u00bbhttps:\/\/rinconesdelvino.com\/apartamentos\/wp-content\/uploads\/2019\/02\/rincones-del-vino-logo.jpg\u00bb url=\u00bb{%22dynamic%22:true,%22content%22:%22home_url%22,%22settings%22:{}}\u00bb align=\u00bbcenter\u00bb disabled_on=\u00bboff|off|on\u00bb admin_label=\u00bbLogo\u00bb _builder_version=\u00bb3.19.4&#8243; _dynamic_attributes=\u00bburl\u00bb][\/et_pb_image][et_pb_text disabled_on=\u00bboff|off|on\u00bb admin_label=\u00bbReserva online\u00bb _builder_version=\u00bb3.19.4&#8243; text_font=\u00bb||||||||\u00bb text_font_size=\u00bb14px\u00bb text_line_height=\u00bb1.2em\u00bb text_orientation=\u00bbcenter\u00bb]<\/p>\n<p><i class=\"fa fa-phone-square\"><\/i> <i style=\"color:#55c900;\" class=\"fab fa-whatsapp\"><\/i> (+34) 602 260 185<br \/> Las Te\u00f1as, 25 EZCARAY, La Rioja<\/p>\n<p><strong><a href=\"https:\/\/rinconesdelvino.com\/apartamentos\/ofertas\" title=\"Ofertas\"><span style=\"color: #000000;\">Ofertas<\/span><\/a> | <a href=\"https:\/\/booking.redforts.com\/bCVKLYNO\" title=\"Reserva online\"><span style=\"color: #ff6600;\">Reserva online<\/span><\/a><\/strong><\/p>\n<p>[\/et_pb_text][\/et_pb_column][\/et_pb_row][\/et_pb_section][et_pb_section fb_built=\u00bb1&#8243; fullwidth=\u00bbon\u00bb admin_label=\u00bbFRANJA DE MENUS\u00bb _builder_version=\u00bb3.19.4&#8243; custom_margin=\u00bb0px||0px||true\u00bb custom_padding=\u00bb0px||0px||true\u00bb animation_style=\u00bbslide\u00bb animation_direction=\u00bbright\u00bb global_module=\u00bb348&#8243; saved_tabs=\u00bball\u00bb][et_pb_fullwidth_menu menu_id=\u00bb3&#8243; fullwidth_menu=\u00bboff\u00bb active_link_color=\u00bb#7a9d39&#8243; dropdown_menu_text_color=\u00bb#000000&#8243; mobile_menu_text_color=\u00bb#000000&#8243; disabled_on=\u00bbon|on|off\u00bb _builder_version=\u00bb3.19.4&#8243; menu_font=\u00bb|700|||||||\u00bb menu_font_size=\u00bb17px\u00bb text_orientation=\u00bbright\u00bb][\/et_pb_fullwidth_menu][et_pb_fullwidth_menu menu_id=\u00bb3&#8243; fullwidth_menu=\u00bboff\u00bb active_link_color=\u00bb#7a9d39&#8243; dropdown_menu_text_color=\u00bb#000000&#8243; mobile_menu_text_color=\u00bb#000000&#8243; disabled_on=\u00bboff|off|on\u00bb _builder_version=\u00bb3.19.4&#8243; menu_font=\u00bb|700|||||||\u00bb menu_font_size=\u00bb17px\u00bb text_orientation=\u00bbcenter\u00bb][\/et_pb_fullwidth_menu][\/et_pb_section][et_pb_section fb_built=\u00bb1&#8243; _builder_version=\u00bb3.0.47&#8243;][et_pb_row _builder_version=\u00bb3.0.48&#8243; background_size=\u00bbinitial\u00bb background_position=\u00bbtop_left\u00bb background_repeat=\u00bbrepeat\u00bb][et_pb_column type=\u00bb4_4&#8243; _builder_version=\u00bb3.0.47&#8243; parallax=\u00bboff\u00bb parallax_method=\u00bbon\u00bb][et_pb_text _builder_version=\u00bb3.19.4&#8243; background_size=\u00bbinitial\u00bb background_position=\u00bbtop_left\u00bb background_repeat=\u00bbrepeat\u00bb]<\/p>\n<h1>Pol\u00edtica de cookies<\/h1>\n<p>&nbsp;<\/p>\n<h2>Cookies inform\u00e1ticas y uso<\/h2>\n<p>En rinconesdelvino.com\/apartamentos no usamos cookies propias y <strong>no guardamos<\/strong> en cookies los datos personales de nuestros usuarios. S\u00f3lo usamos <strong>cookies de configuraci\u00f3n de terceros<\/strong> de Google para la correcta visualizaci\u00f3n del contenido web y sus fuentes y <strong>cookies de sesi\u00f3n<\/strong> como usuario registrado en los comentarios que puedas dejar en el blog. Esto es para tu comodidad, para que no tengas que volver a rellenar tus datos cuando dejes otro comentario. Estas cookies tendr\u00e1n una duraci\u00f3n por defecto de un a\u00f1o.<\/p>\n<p>Al navegar por nuestra web nos indicas que est\u00e1s consintiendo el uso de \u00e9stas.\u00a0<\/p>\n<p>&nbsp;<\/p>\n<h2>Descripci\u00f3n e informaci\u00f3n general<\/h2>\n<p>Una \u201ccookie\u201d es un peque\u00f1o elemento de datos que un sitio Web puede enviar al programa de navegaci\u00f3n Web del usuario. A su vez, este elemento puede almacenarse en el disco duro del ordenador del usuario de manera que le podamos reconocer cuando regrese a nuestro sitio Web. En cualquier caso, siempre existe la posibilidad de que el usuario especifique, en las preferencias de su programa de navegaci\u00f3n que desea, recibir un aviso antes de aceptar cualquier \u201ccookie\u201d.<\/p>\n<p><strong>Vd. puede configurar su navegador para rechazar el almacenamiento de las cookies en su ordenador.<\/strong> Para poder deshabilitar las cookies desde los navegadores se puede encontrar informaci\u00f3n sobre c\u00f3mo hacerlo en el caso de que se use como navegador:<\/p>\n<ul>\n<li>Firefox desde aqu\u00ed: <a href=\"https:\/\/support.mozilla.org\/es\/kb\/habilitar-y-deshabilitar-cookies-que-los-sitios-we\"><u>https:\/\/support.mozilla.org\/es\/kb\/habilitar-y-deshabilitar-cookies-que-los-sitios-we<\/u><\/a><\/li>\n<li>Chrome desde aqu\u00ed: <a href=\"https:\/\/support.google.com\/chrome\/bin\/answer.py?hl=es&amp;answer=95647\"><u>https:\/\/support.google.com\/chrome\/bin\/answer.py?hl=es&amp;answer=95647<\/u><\/a><\/li>\n<li>Explorer desde aqu\u00ed: <a href=\"https:\/\/windows.microsoft.com\/es-es\/windows7\/how-to-manage-cookies-in-internet-explorer-9\"><u>https:\/\/windows.microsoft.com\/es-es\/windows7\/how-to-manage-cookies-in-internet-explorer-9<\/u><\/a><\/li>\n<li>Safari desde aqu\u00ed: <a href=\"https:\/\/support.apple.com\/kb\/ph5042\"><u>https:\/\/support.apple.com\/kb\/ph5042<\/u><\/a><\/li>\n<li>Opera desde aqu\u00ed: <a href=\"https:\/\/help.opera.com\/Windows\/11.50\/es-ES\/cookies.html\"><u>https:\/\/help.opera.com\/Windows\/11.50\/es-ES\/cookies.html<\/u><\/a><\/li>\n<\/ul>\n<p>[\/et_pb_text][\/et_pb_column][\/et_pb_row][\/et_pb_section][et_pb_section fb_built=\u00bb1&#8243; admin_label=\u00bbPIE DE PAGINA\u00bb _builder_version=\u00bb3.19.4&#8243; background_color=\u00bb#efefef\u00bb custom_margin=\u00bb||0px\u00bb custom_padding=\u00bb48px|0px|70px|0px|false|false\u00bb global_module=\u00bb149&#8243; saved_tabs=\u00bball\u00bb][et_pb_row custom_padding=\u00bb0|0px|27px|0px|false|false\u00bb _builder_version=\u00bb3.19.4&#8243;][et_pb_column type=\u00bb1_3&#8243; _builder_version=\u00bb3.19.4&#8243; parallax=\u00bboff\u00bb parallax_method=\u00bbon\u00bb][et_pb_text _builder_version=\u00bb3.19.4&#8243; text_font=\u00bb||||||||\u00bb text_text_color=\u00bb#000000&#8243; text_font_size=\u00bb15px\u00bb header_font=\u00bb||||||||\u00bb header_3_font=\u00bb|800|||||||\u00bb header_3_text_color=\u00bb#7a9d39&#8243; custom_margin=\u00bb||30px\u00bb]<\/p>\n<h3>Contacta<\/h3>\n<p>Apartamentos Tur\u00edsticos Rincones del Vino<br \/> C\/ Las Te\u00f1as, 25<br \/> 26280 EZCARAY, La Rioja<br \/> <span style=\"color: #000000;\"><a href=\"mailto:apartamentos@rinconesdelvino.com\" style=\"color: #000000;\">apartamentos@rinconesdelvino.com<\/a><\/span><\/p>\n<p>&nbsp;<\/p>\n<h2><i class=\"fa fa-phone-square\"><\/i> <i style=\"color:#55c900;\" class=\"fab fa-whatsapp\"><\/i> 602 260 185<\/h2>\n<p>[\/et_pb_text][et_pb_social_media_follow _builder_version=\u00bb3.19.4&#8243;][et_pb_social_media_follow_network social_network=\u00bbfacebook\u00bb url=\u00bbhttps:\/\/www.facebook.com\/ApartamentosTuristicosRinconesDelVinoEzcaray\/\u00bb _builder_version=\u00bb3.19.4&#8243; background_color=\u00bb#3b5998&#8243; follow_button=\u00bboff\u00bb url_new_window=\u00bbon\u00bb]facebook[\/et_pb_social_media_follow_network][et_pb_social_media_follow_network social_network=\u00bbtwitter\u00bb _builder_version=\u00bb3.19.4&#8243; background_color=\u00bb#00aced\u00bb follow_button=\u00bboff\u00bb url_new_window=\u00bbon\u00bb]twitter[\/et_pb_social_media_follow_network][et_pb_social_media_follow_network social_network=\u00bbgoogle-plus\u00bb _builder_version=\u00bb3.19.4&#8243; background_color=\u00bb#dd4b39&#8243; follow_button=\u00bboff\u00bb url_new_window=\u00bbon\u00bb]google-plus[\/et_pb_social_media_follow_network][et_pb_social_media_follow_network social_network=\u00bbpinterest\u00bb _builder_version=\u00bb3.19.4&#8243; background_color=\u00bb#cb2027&#8243; follow_button=\u00bboff\u00bb url_new_window=\u00bbon\u00bb]pinterest[\/et_pb_social_media_follow_network][\/et_pb_social_media_follow][\/et_pb_column][et_pb_column type=\u00bb1_3&#8243; _builder_version=\u00bb3.19.4&#8243; parallax=\u00bboff\u00bb parallax_method=\u00bbon\u00bb][et_pb_text _builder_version=\u00bb3.19.4&#8243; text_font=\u00bb||||||||\u00bb text_text_color=\u00bb#000000&#8243; text_font_size=\u00bb15px\u00bb header_font=\u00bb||||||||\u00bb header_3_font=\u00bb|800|||||||\u00bb header_3_text_color=\u00bb#7a9d39&#8243;]<\/p>\n<h3>Rincones del Vino, Apartamentos Tur\u00edsticos en Ezcaray<\/h3>\n<p>Alojamientos ubicados en una f\u00e1brica textil del siglo XVIII, edificio rehabilitado protegido por Patrimonio Hist\u00f3rico y Art\u00edstico de La Rioja. Mezcla perfecta entre los elementos que se han respetado como las estructuras de madera, suelos de barro cocido y piedra sillar y todo lo que necesitamos para estar c\u00f3modos cuando viajamos.<\/p>\n<p>[\/et_pb_text][\/et_pb_column][et_pb_column type=\u00bb1_3&#8243; _builder_version=\u00bb3.19.4&#8243; parallax=\u00bboff\u00bb parallax_method=\u00bbon\u00bb][et_pb_text _builder_version=\u00bb3.19.4&#8243; text_font=\u00bb||||||||\u00bb text_text_color=\u00bb#000000&#8243; text_font_size=\u00bb15px\u00bb text_line_height=\u00bb1.3em\u00bb header_font=\u00bb||||||||\u00bb header_3_font=\u00bb|800|||||||\u00bb header_3_text_color=\u00bb#7a9d39&#8243;]<\/p>\n<h3>Informaci\u00f3n<\/h3>\n<p><span style=\"color: #339966;\"><strong>\u00bb <a href=\"https:\/\/booking.redforts.com\/bCVKLYNO\">Reserva online<\/a><br \/> \u00bb <a href=\"https:\/\/rinconesdelvino.com\/apartamentos\/faq\/\" style=\"color: #339966;\">FAQs \/ Preguntas frecuentes<\/a><\/strong><\/span><br \/> <span style=\"color: #339966;\"> <strong> \u00bb <a href=\"https:\/\/rinconesdelvino.com\/apartamentos\/politica-de-uso-y-reserva\" style=\"color: #339966;\">Pol\u00edtica de uso y reservas<\/a><\/strong><\/span><span style=\"color: #339966;\"><strong><br \/> \u00bb <a href=\"https:\/\/rinconesdelvino.com\/apartamentos\/politica-de-privacidad\" style=\"color: #339966;\">Pol\u00edtica de privacidad<\/a><\/strong><\/span><br \/> <span style=\"color: #339966;\"> <strong> \u00bb <a href=\"https:\/\/rinconesdelvino.com\/apartamentos\/politica-de-cookies\" style=\"color: #339966;\">Pol\u00edtica de cookies<\/a><\/strong><\/span><\/p>\n<p>[\/et_pb_text][et_pb_text _builder_version=\u00bb3.19.4&#8243; text_font=\u00bb||||||||\u00bb text_text_color=\u00bb#000000&#8243; text_font_size=\u00bb15px\u00bb text_line_height=\u00bb1.3em\u00bb header_font=\u00bb||||||||\u00bb header_3_font=\u00bb|800|||||||\u00bb header_3_text_color=\u00bb#7a9d39&#8243;]<\/p>\n<h3>Mapa del sitio<\/h3>\n<p><strong><span style=\"color: #339966;\">\u00bb <a href=\"https:\/\/rinconesdelvino.com\/apartamentos\/inicio\/\" style=\"color: #339966;\">Inicio<\/a><\/span><\/strong><br \/> <strong> <span style=\"color: #339966;\"> \u00bb <a href=\"https:\/\/rinconesdelvino.com\/apartamentos\/apartamentos\/\" style=\"color: #339966;\">Apartamentos<\/a><\/span><\/strong><br \/> <strong> <span style=\"color: #339966;\"> \u00bb <a href=\"https:\/\/rinconesdelvino.com\/apartamentos\/estudios\/\" style=\"color: #339966;\">Estudios<\/a><\/span><\/strong><br \/> <strong> <span style=\"color: #339966;\"> \u00bb <a href=\"https:\/\/rinconesdelvino.com\/apartamentos\/la-casita\/\" style=\"color: #339966;\">La Casita<\/a><\/span><\/strong><br \/> <strong> <span style=\"color: #339966;\"> \u00bb <a href=\"https:\/\/rinconesdelvino.com\/apartamentos\/ofertas\/\" style=\"color: #339966;\">Ofertas<\/a><\/span><\/strong><br \/> <strong> <span style=\"color: #339966;\"> \u00bb <a href=\"https:\/\/rinconesdelvino.com\/apartamentos\/blog\/\" style=\"color: #339966;\">Noticias y Blog<\/a><\/span><\/strong><\/p>\n<p>[\/et_pb_text][\/et_pb_column][\/et_pb_row][\/et_pb_section]<\/p>\n","protected":false},"excerpt":{"rendered":"<p>[et_pb_section fb_built=\u00bb1&#8243; admin_label=\u00bbTOP ENCABEZADO\u00bb _builder_version=\u00bb3.19.4&#8243; custom_padding=\u00bb0|0px|0|0px|false|false\u00bb global_module=\u00bb263&#8243; saved_tabs=\u00bball\u00bb][et_pb_row custom_padding=\u00bb27px|0px|0|0px|false|false\u00bb disabled_on=\u00bbon|on|off\u00bb _builder_version=\u00bb3.19.4&#8243;][et_pb_column type=\u00bb2_5&#8243; _builder_version=\u00bb3.19.4&#8243; parallax=\u00bboff\u00bb parallax_method=\u00bbon\u00bb][et_pb_image src=\u00bbhttps:\/\/rinconesdelvino.com\/apartamentos\/wp-content\/uploads\/2019\/02\/rincones-del-vino-logo.jpg\u00bb url=\u00bb{%22dynamic%22:true,%22content%22:%22home_url%22,%22settings%22:{}}\u00bb admin_label=\u00bbLogo\u00bb _builder_version=\u00bb3.19.4&#8243; _dynamic_attributes=\u00bburl\u00bb][\/et_pb_image][\/et_pb_column][et_pb_column type=\u00bb3_5&#8243; _builder_version=\u00bb3.19.4&#8243; parallax=\u00bboff\u00bb parallax_method=\u00bbon\u00bb][et_pb_text admin_label=\u00bbReserva online\u00bb _builder_version=\u00bb3.19.4&#8243; text_font=\u00bb||||||||\u00bb text_font_size=\u00bb14px\u00bb text_line_height=\u00bb1.2em\u00bb text_orientation=\u00bbright\u00bb] (+34) 602 260 185 Las Te\u00f1as, 25 EZCARAY, La Rioja Ofertas | Reserva online[\/et_pb_text][\/et_pb_column][\/et_pb_row][et_pb_row custom_padding=\u00bb27px|0px|0|0px|false|false\u00bb disabled_on=\u00bboff|off|on\u00bb _builder_version=\u00bb3.19.4&#8243;][et_pb_column type=\u00bb4_4&#8243; _builder_version=\u00bb3.19.4&#8243; parallax=\u00bboff\u00bb parallax_method=\u00bbon\u00bb][et_pb_image src=\u00bbhttps:\/\/rinconesdelvino.com\/apartamentos\/wp-content\/uploads\/2019\/02\/rincones-del-vino-logo.jpg\u00bb url=\u00bb{%22dynamic%22:true,%22content%22:%22home_url%22,%22settings%22:{}}\u00bb align=\u00bbcenter\u00bb [&hellip;]<\/p>\n","protected":false},"author":1,"featured_media":0,"parent":0,"menu_order":0,"comment_status":"closed","ping_status":"closed","template":"page-template-blank.php","meta":{"_et_pb_use_builder":"on","_et_pb_old_content":"","_et_gb_content_width":"","_monsterinsights_skip_tracking":false,"_monsterinsights_sitenote_active":false,"_monsterinsights_sitenote_note":"","_monsterinsights_sitenote_category":0,"footnotes":"","_joinchat":[]},"aioseo_notices":[],"_links":{"self":[{"href":"https:\/\/rinconesdelvino.com\/apartamentos\/wp-json\/wp\/v2\/pages\/421"}],"collection":[{"href":"https:\/\/rinconesdelvino.com\/apartamentos\/wp-json\/wp\/v2\/pages"}],"about":[{"href":"https:\/\/rinconesdelvino.com\/apartamentos\/wp-json\/wp\/v2\/types\/page"}],"author":[{"embeddable":true,"href":"https:\/\/rinconesdelvino.com\/apartamentos\/wp-json\/wp\/v2\/users\/1"}],"replies":[{"embeddable":true,"href":"https:\/\/rinconesdelvino.com\/apartamentos\/wp-json\/wp\/v2\/comments?post=421"}],"version-history":[{"count":5,"href":"https:\/\/rinconesdelvino.com\/apartamentos\/wp-json\/wp\/v2\/pages\/421\/revisions"}],"predecessor-version":[{"id":652,"href":"https:\/\/rinconesdelvino.com\/apartamentos\/wp-json\/wp\/v2\/pages\/421\/revisions\/652"}],"wp:attachment":[{"href":"https:\/\/rinconesdelvino.com\/apartamentos\/wp-json\/wp\/v2\/media?parent=421"}],"curies":[{"name":"wp","href":"https:\/\/api.w.org\/{rel}","templated":true}]}}